{"id":972,"date":"2022-07-18T12:23:48","date_gmt":"2022-07-18T12:23:48","guid":{"rendered":"http:\/\/schneidemuehl.net\/?page_id=972"},"modified":"2026-03-08T10:19:14","modified_gmt":"2026-03-08T10:19:14","slug":"heimatbrief-2","status":"publish","type":"page","link":"https:\/\/schneidemuehl.net\/index.php\/heimatbrief-2\/","title":{"rendered":"Heimatbriefe"},"content":{"rendered":"\n<p class=\"has-text-align-center\"><strong>Schneidem\u00fchler Heimatbrief 4 Ausgaben j\u00e4hrlich im Abonnement &#8211; Preis von 25,00 Euro<\/strong><\/p>\n\n\n\n<p class=\"has-text-align-center\">Der Heimatbrief erscheint alle zwei Monate mit Berichten von fr\u00fcher und heute<\/p>\n\n\n\n<div class=\"wp-block-columns is-layout-flex wp-container-core-columns-is-layout-28f84493 wp-block-columns-is-layout-flex\">\n<div class=\"wp-block-column is-layout-flow wp-block-column-is-layout-flow\">\n<h1 class=\"wp-block-heading has-text-align-center\"><a href=\"https:\/\/schneidemuehl.net\/index.php\/heimatbrief-1951\/\" data-type=\"page\" data-id=\"4176\">1951<\/a><\/h1>\n<\/div>\n\n\n\n<div class=\"wp-block-column is-layout-flow wp-block-column-is-layout-flow\">\n<h1 class=\"wp-block-heading has-text-align-center\"><a href=\"https:\/\/schneidemuehl.net\/index.php\/heimatbrief-1952\/\" data-type=\"page\" data-id=\"4206\">1952<\/a><\/h1>\n<\/div>\n\n\n\n<div class=\"wp-block-column is-layout-flow wp-block-column-is-layout-flow\">\n<h1 class=\"wp-block-heading has-text-align-center\"><a href=\"https:\/\/schneidemuehl.net\/index.php\/heimatbrief-1953\/\" data-type=\"page\" data-id=\"4238\">1953<\/a><\/h1>\n<\/div>\n<\/div>\n\n\n\n<div class=\"wp-block-columns is-layout-flex wp-container-core-columns-is-layout-28f84493 wp-block-columns-is-layout-flex\">\n<div class=\"wp-block-column is-layout-flow wp-block-column-is-layout-flow\">\n<h1 class=\"wp-block-heading has-text-align-center\"><a href=\"https:\/\/schneidemuehl.net\/index.php\/heimatbrief-1954\/\" data-type=\"page\" data-id=\"4272\">1954<\/a><\/h1>\n<\/div>\n\n\n\n<div class=\"wp-block-column is-layout-flow wp-block-column-is-layout-flow\">\n<h1 class=\"wp-block-heading has-text-align-center\"><a href=\"https:\/\/schneidemuehl.net\/index.php\/heimatbrief-1955\/\" data-type=\"page\" data-id=\"4333\">1955<\/a><\/h1>\n<\/div>\n\n\n\n<div class=\"wp-block-column is-layout-flow wp-block-column-is-layout-flow\">\n<h1 class=\"wp-block-heading has-text-align-center\"><a href=\"https:\/\/schneidemuehl.net\/index.php\/heimatbrief-1956\/\" data-type=\"page\" data-id=\"4303\">1956<\/a><\/h1>\n<\/div>\n<\/div>\n\n\n\n<div class=\"wp-block-columns is-layout-flex wp-container-core-columns-is-layout-28f84493 wp-block-columns-is-layout-flex\">\n<div class=\"wp-block-column is-layout-flow wp-block-column-is-layout-flow\">\n<h1 class=\"wp-block-heading has-text-align-center\"><a href=\"https:\/\/schneidemuehl.net\/index.php\/heimatbrief\/\" data-type=\"page\" data-id=\"43\">1957<\/a><\/h1>\n<\/div>\n\n\n\n<div class=\"wp-block-column is-layout-flow wp-block-column-is-layout-flow\">\n<h1 class=\"wp-block-heading has-text-align-center\"><a href=\"https:\/\/schneidemuehl.net\/index.php\/heimatbrief-1958\" data-type=\"link\" data-id=\"https:\/\/schneidemuehl.net\/index.php\/heimatbrief-1958\">1958<\/a><\/h1>\n<\/div>\n\n\n\n<div class=\"wp-block-column is-layout-flow wp-block-column-is-layout-flow\">\n<h1 class=\"wp-block-heading has-text-align-center\"><a href=\"https:\/\/schneidemuehl.net\/index.php\/heimatbrief-1959\">1959<\/a><\/h1>\n<\/div>\n<\/div>\n\n\n\n<div class=\"wp-block-columns is-layout-flex wp-container-core-columns-is-layout-28f84493 wp-block-columns-is-layout-flex\">\n<div class=\"wp-block-column is-layout-flow wp-block-column-is-layout-flow\">\n<h1 class=\"wp-block-heading has-text-align-center\"><a href=\"https:\/\/schneidemuehl.net\/index.php\/heimatbrief-1960\">1960<\/a><\/h1>\n<\/div>\n\n\n\n<div class=\"wp-block-column is-layout-flow wp-block-column-is-layout-flow\">\n<h1 class=\"wp-block-heading has-text-align-center\"><a href=\"https:\/\/schneidemuehl.net\/index.php\/heimatbrief-1961\/\" data-type=\"page\" data-id=\"1793\">1961<\/a><\/h1>\n<\/div>\n\n\n\n<div class=\"wp-block-column is-layout-flow wp-block-column-is-layout-flow\">\n<h1 class=\"wp-block-heading has-text-align-center\"><a href=\"https:\/\/schneidemuehl.net\/index.php\/heimatbrief-1962\/\" data-type=\"page\" data-id=\"1829\">1962<\/a><\/h1>\n<\/div>\n<\/div>\n\n\n\n<div class=\"wp-block-columns is-layout-flex wp-container-core-columns-is-layout-28f84493 wp-block-columns-is-layout-flex\">\n<div class=\"wp-block-column is-layout-flow wp-block-column-is-layout-flow\">\n<h1 class=\"wp-block-heading has-text-align-center\"><a href=\"https:\/\/schneidemuehl.net\/index.php\/heimatbrief-1963\/\" data-type=\"page\" data-id=\"1885\">1963<\/a><\/h1>\n<\/div>\n\n\n\n<div class=\"wp-block-column is-layout-flow wp-block-column-is-layout-flow\">\n<h1 class=\"wp-block-heading has-text-align-center\"><a href=\"https:\/\/schneidemuehl.net\/index.php\/heimatbrief-1964\/\" data-type=\"page\" data-id=\"1920\">1964<\/a><\/h1>\n<\/div>\n\n\n\n<div class=\"wp-block-column is-layout-flow wp-block-column-is-layout-flow\">\n<h1 class=\"wp-block-heading has-text-align-center\"><a href=\"https:\/\/schneidemuehl.net\/index.php\/heimatbrief-1965\/\" data-type=\"page\" data-id=\"1950\">1965<\/a><\/h1>\n<\/div>\n<\/div>\n\n\n\n<div class=\"wp-block-columns is-layout-flex wp-container-core-columns-is-layout-28f84493 wp-block-columns-is-layout-flex\">\n<div class=\"wp-block-column is-layout-flow wp-block-column-is-layout-flow\">\n<h1 class=\"wp-block-heading has-text-align-center\"><a href=\"https:\/\/schneidemuehl.net\/index.php\/heimatbrief-1966\/\" data-type=\"page\" data-id=\"2114\">1966<\/a><\/h1>\n<\/div>\n\n\n\n<div class=\"wp-block-column is-layout-flow wp-block-column-is-layout-flow\">\n<h1 class=\"wp-block-heading has-text-align-center\"><a href=\"https:\/\/schneidemuehl.net\/index.php\/heimatbrief-1967\/\" data-type=\"page\" data-id=\"2173\">1967<\/a><\/h1>\n<\/div>\n\n\n\n<div class=\"wp-block-column is-layout-flow wp-block-column-is-layout-flow\">\n<h1 class=\"wp-block-heading has-text-align-center\"><a href=\"https:\/\/schneidemuehl.net\/index.php\/heimatbrief-1968\/\" data-type=\"page\" data-id=\"2206\">1968<\/a><\/h1>\n<\/div>\n<\/div>\n\n\n\n<div class=\"wp-block-columns is-layout-flex wp-container-core-columns-is-layout-28f84493 wp-block-columns-is-layout-flex\">\n<div class=\"wp-block-column is-layout-flow wp-block-column-is-layout-flow\">\n<h1 class=\"wp-block-heading has-text-align-center\"><a href=\"https:\/\/schneidemuehl.net\/index.php\/heimatbrief-1969\/\" data-type=\"page\" data-id=\"2247\">1969<\/a><\/h1>\n<\/div>\n\n\n\n<div class=\"wp-block-column is-layout-flow wp-block-column-is-layout-flow\">\n<h1 class=\"wp-block-heading has-text-align-center\"><a href=\"https:\/\/schneidemuehl.net\/index.php\/heimatbrief-1970\/\" data-type=\"page\" data-id=\"2302\">1970<\/a><\/h1>\n<\/div>\n\n\n\n<div class=\"wp-block-column is-layout-flow wp-block-column-is-layout-flow\">\n<h1 class=\"wp-block-heading has-text-align-center\"><a href=\"https:\/\/schneidemuehl.net\/index.php\/heimatbrief-1971\/\" data-type=\"page\" data-id=\"2364\">1971<\/a><\/h1>\n<\/div>\n<\/div>\n\n\n\n<div class=\"wp-block-columns is-layout-flex wp-container-core-columns-is-layout-28f84493 wp-block-columns-is-layout-flex\">\n<div class=\"wp-block-column is-layout-flow wp-block-column-is-layout-flow\">\n<h1 class=\"wp-block-heading has-text-align-center\"><a href=\"https:\/\/schneidemuehl.net\/index.php\/heimatbrief-1972\/\" data-type=\"page\" data-id=\"2400\">1972<\/a><\/h1>\n<\/div>\n\n\n\n<div class=\"wp-block-column is-layout-flow wp-block-column-is-layout-flow\">\n<h1 class=\"wp-block-heading has-text-align-center\"><a href=\"https:\/\/schneidemuehl.net\/index.php\/heimatbrief-1973\/\" data-type=\"page\" data-id=\"2436\">1973<\/a><\/h1>\n<\/div>\n\n\n\n<div class=\"wp-block-column is-layout-flow wp-block-column-is-layout-flow\">\n<h1 class=\"wp-block-heading has-text-align-center\"><a href=\"https:\/\/schneidemuehl.net\/index.php\/heimatbrief-1974\/\" data-type=\"page\" data-id=\"2470\">1974<\/a><\/h1>\n<\/div>\n<\/div>\n\n\n\n<div class=\"wp-block-columns is-layout-flex wp-container-core-columns-is-layout-28f84493 wp-block-columns-is-layout-flex\">\n<div class=\"wp-block-column is-layout-flow wp-block-column-is-layout-flow\">\n<h1 class=\"wp-block-heading has-text-align-center\"><a href=\"https:\/\/schneidemuehl.net\/index.php\/heimatbrief-1975\/\" data-type=\"page\" data-id=\"2532\">1975<\/a><\/h1>\n<\/div>\n\n\n\n<div class=\"wp-block-column is-layout-flow wp-block-column-is-layout-flow\">\n<h1 class=\"wp-block-heading has-text-align-center\"><a href=\"https:\/\/schneidemuehl.net\/index.php\/heimatbrief-1976\/\" data-type=\"page\" data-id=\"2566\">1976<\/a><\/h1>\n<\/div>\n\n\n\n<div class=\"wp-block-column is-layout-flow wp-block-column-is-layout-flow\">\n<h1 class=\"wp-block-heading has-text-align-center\"><a href=\"https:\/\/schneidemuehl.net\/index.php\/heimatbrief-1977\/\" data-type=\"page\" data-id=\"2639\">1977<\/a><\/h1>\n<\/div>\n<\/div>\n\n\n\n<div class=\"wp-block-columns is-layout-flex wp-container-core-columns-is-layout-28f84493 wp-block-columns-is-layout-flex\">\n<div class=\"wp-block-column is-layout-flow wp-block-column-is-layout-flow\">\n<h1 class=\"wp-block-heading has-text-align-center\"><a href=\"https:\/\/schneidemuehl.net\/index.php\/heimatbrief-1978\/\" data-type=\"page\" data-id=\"2669\">1978<\/a><\/h1>\n<\/div>\n\n\n\n<div class=\"wp-block-column is-layout-flow wp-block-column-is-layout-flow\">\n<h1 class=\"wp-block-heading has-text-align-center\"><a href=\"https:\/\/schneidemuehl.net\/index.php\/heimatbrief-1979\/\" data-type=\"page\" data-id=\"2699\">1979<\/a><\/h1>\n<\/div>\n\n\n\n<div class=\"wp-block-column is-layout-flow wp-block-column-is-layout-flow\">\n<h1 class=\"wp-block-heading has-text-align-center\"><a href=\"https:\/\/schneidemuehl.net\/index.php\/heimatbrief-1980\/\" data-type=\"page\" data-id=\"2734\">1980<\/a><\/h1>\n<\/div>\n<\/div>\n\n\n\n<div class=\"wp-block-columns is-layout-flex wp-container-core-columns-is-layout-28f84493 wp-block-columns-is-layout-flex\">\n<div class=\"wp-block-column is-layout-flow wp-block-column-is-layout-flow\">\n<h1 class=\"wp-block-heading has-text-align-center\"><a href=\"https:\/\/schneidemuehl.net\/index.php\/heimatbrief-1981\/\" data-type=\"page\" data-id=\"2766\">1981<\/a><\/h1>\n<\/div>\n\n\n\n<div class=\"wp-block-column is-layout-flow wp-block-column-is-layout-flow\">\n<h1 class=\"wp-block-heading has-text-align-center\"><a href=\"https:\/\/schneidemuehl.net\/index.php\/heimatbrief-1982\/\" data-type=\"page\" data-id=\"2802\">1982<\/a><\/h1>\n<\/div>\n\n\n\n<div class=\"wp-block-column is-layout-flow wp-block-column-is-layout-flow\">\n<h1 class=\"wp-block-heading has-text-align-center\"><a href=\"https:\/\/schneidemuehl.net\/index.php\/heimatbrief-1983\/\" data-type=\"page\" data-id=\"2833\">1983<\/a><\/h1>\n<\/div>\n<\/div>\n\n\n\n<div class=\"wp-block-columns is-layout-flex wp-container-core-columns-is-layout-28f84493 wp-block-columns-is-layout-flex\">\n<div class=\"wp-block-column is-layout-flow wp-block-column-is-layout-flow\">\n<h1 class=\"wp-block-heading has-text-align-center\"><a href=\"https:\/\/schneidemuehl.net\/index.php\/heimatbrief-1984\/\" data-type=\"page\" data-id=\"2866\">1984<\/a><\/h1>\n<\/div>\n\n\n\n<div class=\"wp-block-column is-layout-flow wp-block-column-is-layout-flow\">\n<h1 class=\"wp-block-heading has-text-align-center\"><a href=\"https:\/\/schneidemuehl.net\/index.php\/heimatbrief-1985\/\" data-type=\"page\" data-id=\"2899\">1985<\/a><\/h1>\n<\/div>\n\n\n\n<div class=\"wp-block-column is-layout-flow wp-block-column-is-layout-flow\">\n<h1 class=\"wp-block-heading has-text-align-center\"><a href=\"https:\/\/schneidemuehl.net\/index.php\/heimatbrief-1986\/\" data-type=\"page\" data-id=\"2964\">1986<\/a><\/h1>\n<\/div>\n<\/div>\n\n\n\n<div class=\"wp-block-columns is-layout-flex wp-container-core-columns-is-layout-28f84493 wp-block-columns-is-layout-flex\">\n<div class=\"wp-block-column is-layout-flow wp-block-column-is-layout-flow\">\n<h1 class=\"wp-block-heading has-text-align-center\"><a href=\"https:\/\/schneidemuehl.net\/index.php\/heimatbrief-1987\/\" data-type=\"page\" data-id=\"2979\">1987<\/a><\/h1>\n<\/div>\n\n\n\n<div class=\"wp-block-column is-layout-flow wp-block-column-is-layout-flow\">\n<h1 class=\"wp-block-heading has-text-align-center\"><a href=\"https:\/\/schneidemuehl.net\/index.php\/heimatbrief-1988\/\" data-type=\"page\" data-id=\"3015\">1988<\/a><\/h1>\n<\/div>\n\n\n\n<div class=\"wp-block-column is-layout-flow wp-block-column-is-layout-flow\">\n<h1 class=\"wp-block-heading has-text-align-center\"><a href=\"https:\/\/schneidemuehl.net\/index.php\/heimatbrief-1989\/\" data-type=\"page\" data-id=\"3045\">1989<\/a><\/h1>\n<\/div>\n<\/div>\n\n\n\n<div class=\"wp-block-columns is-layout-flex wp-container-core-columns-is-layout-28f84493 wp-block-columns-is-layout-flex\">\n<div class=\"wp-block-column is-layout-flow wp-block-column-is-layout-flow\">\n<h1 class=\"wp-block-heading has-text-align-center\"><a href=\"https:\/\/schneidemuehl.net\/index.php\/heimatbrief-1990\/\" data-type=\"page\" data-id=\"3076\">1990<\/a><\/h1>\n<\/div>\n\n\n\n<div class=\"wp-block-column is-layout-flow wp-block-column-is-layout-flow\">\n<h1 class=\"wp-block-heading has-text-align-center\"><a href=\"https:\/\/schneidemuehl.net\/index.php\/heimatbrief-1991\/\" data-type=\"page\" data-id=\"3111\">1991<\/a><\/h1>\n<\/div>\n\n\n\n<div class=\"wp-block-column is-layout-flow wp-block-column-is-layout-flow\">\n<h1 class=\"wp-block-heading has-text-align-center\"><a href=\"https:\/\/schneidemuehl.net\/index.php\/heimatbrief-1992\/\" data-type=\"page\" data-id=\"3162\">1992<\/a><\/h1>\n<\/div>\n<\/div>\n\n\n\n<div class=\"wp-block-columns is-layout-flex wp-container-core-columns-is-layout-28f84493 wp-block-columns-is-layout-flex\">\n<div class=\"wp-block-column is-layout-flow wp-block-column-is-layout-flow\">\n<h1 class=\"wp-block-heading has-text-align-center\"><a href=\"https:\/\/schneidemuehl.net\/index.php\/heimatbrief-1993\/\" data-type=\"page\" data-id=\"3198\">1993<\/a><\/h1>\n<\/div>\n\n\n\n<div class=\"wp-block-column is-layout-flow wp-block-column-is-layout-flow\">\n<h1 class=\"wp-block-heading has-text-align-center\"><a href=\"https:\/\/schneidemuehl.net\/index.php\/heimatbrief-1994\/\" data-type=\"page\" data-id=\"3269\">1994<\/a><\/h1>\n<\/div>\n\n\n\n<div class=\"wp-block-column is-layout-flow wp-block-column-is-layout-flow\">\n<h1 class=\"wp-block-heading has-text-align-center\"><a href=\"https:\/\/schneidemuehl.net\/index.php\/heimatbrief-1995\/\" data-type=\"page\" data-id=\"3360\">1995<\/a><\/h1>\n<\/div>\n<\/div>\n\n\n\n<div class=\"wp-block-columns is-layout-flex wp-container-core-columns-is-layout-28f84493 wp-block-columns-is-layout-flex\">\n<div class=\"wp-block-column is-layout-flow wp-block-column-is-layout-flow\">\n<h1 class=\"wp-block-heading has-text-align-center\"><a href=\"https:\/\/schneidemuehl.net\/index.php\/heimatbrief-1996\/\" data-type=\"page\" data-id=\"3393\">1996<\/a><\/h1>\n<\/div>\n\n\n\n<div class=\"wp-block-column is-layout-flow wp-block-column-is-layout-flow\">\n<h1 class=\"wp-block-heading has-text-align-center\"><a href=\"https:\/\/schneidemuehl.net\/index.php\/heimatbrief-1997\/\" data-type=\"page\" data-id=\"3426\">1997<\/a><\/h1>\n<\/div>\n\n\n\n<div class=\"wp-block-column is-layout-flow wp-block-column-is-layout-flow\">\n<h1 class=\"wp-block-heading has-text-align-center\"><a href=\"https:\/\/schneidemuehl.net\/index.php\/heimatbrief-1998\/\" data-type=\"page\" data-id=\"3481\">1998<\/a><\/h1>\n<\/div>\n<\/div>\n\n\n\n<div class=\"wp-block-columns is-layout-flex wp-container-core-columns-is-layout-28f84493 wp-block-columns-is-layout-flex\">\n<div class=\"wp-block-column is-layout-flow wp-block-column-is-layout-flow\">\n<h1 class=\"wp-block-heading has-text-align-center\"><a href=\"https:\/\/schneidemuehl.net\/index.php\/heimatbrief-1999\/\" data-type=\"page\" data-id=\"3517\">1999<\/a><\/h1>\n<\/div>\n\n\n\n<div class=\"wp-block-column is-layout-flow wp-block-column-is-layout-flow\">\n<h1 class=\"wp-block-heading has-text-align-center\"><a href=\"https:\/\/schneidemuehl.net\/index.php\/heimatbrief-2000\/\" data-type=\"page\" data-id=\"3550\">2000<\/a><\/h1>\n<\/div>\n\n\n\n<div class=\"wp-block-column is-layout-flow wp-block-column-is-layout-flow\">\n<h1 class=\"wp-block-heading has-text-align-center\"><a href=\"https:\/\/schneidemuehl.net\/index.php\/heimatbrief-2001\/\" data-type=\"page\" data-id=\"3587\">2001<\/a><\/h1>\n<\/div>\n<\/div>\n\n\n\n<div class=\"wp-block-columns is-layout-flex wp-container-core-columns-is-layout-28f84493 wp-block-columns-is-layout-flex\">\n<div class=\"wp-block-column is-layout-flow wp-block-column-is-layout-flow\">\n<h1 class=\"wp-block-heading has-text-align-center\"><a href=\"https:\/\/schneidemuehl.net\/index.php\/heimatbrief-2002\/\" data-type=\"page\" data-id=\"2076\">2002<\/a><\/h1>\n<\/div>\n\n\n\n<div class=\"wp-block-column is-layout-flow wp-block-column-is-layout-flow\">\n<h1 class=\"wp-block-heading has-text-align-center\"><a href=\"https:\/\/schneidemuehl.net\/index.php\/heimatbrief-2003\/\" data-type=\"page\" data-id=\"3142\">2003<\/a><\/h1>\n<\/div>\n\n\n\n<div class=\"wp-block-column is-layout-flow wp-block-column-is-layout-flow\">\n<h1 class=\"wp-block-heading has-text-align-center\"><a href=\"https:\/\/schneidemuehl.net\/index.php\/heimatbrief-2004\/\" data-type=\"page\" data-id=\"3246\">2004<\/a><\/h1>\n<\/div>\n<\/div>\n\n\n\n<div class=\"wp-block-columns is-layout-flex wp-container-core-columns-is-layout-28f84493 wp-block-columns-is-layout-flex\">\n<div class=\"wp-block-column is-layout-flow wp-block-column-is-layout-flow\">\n<h1 class=\"wp-block-heading has-text-align-center\"><a href=\"https:\/\/schneidemuehl.net\/index.php\/heimatbrief-2005\/\" data-type=\"page\" data-id=\"3356\">2005<\/a><\/h1>\n<\/div>\n\n\n\n<div class=\"wp-block-column is-layout-flow wp-block-column-is-layout-flow\">\n<h1 class=\"wp-block-heading has-text-align-center\"><a href=\"https:\/\/schneidemuehl.net\/index.php\/heimatbrief-2006\/\" data-type=\"page\" data-id=\"1282\">2006<\/a><\/h1>\n<\/div>\n\n\n\n<div class=\"wp-block-column is-layout-flow wp-block-column-is-layout-flow\">\n<h1 class=\"wp-block-heading has-text-align-center\"><a href=\"https:\/\/schneidemuehl.net\/index.php\/heimatbrief-2007\/\" data-type=\"page\" data-id=\"1316\">2007<\/a><\/h1>\n<\/div>\n<\/div>\n\n\n\n<div class=\"wp-block-columns is-layout-flex wp-container-core-columns-is-layout-28f84493 wp-block-columns-is-layout-flex\">\n<div class=\"wp-block-column is-layout-flow wp-block-column-is-layout-flow\">\n<h1 class=\"wp-block-heading has-text-align-center\"><a href=\"https:\/\/schneidemuehl.net\/index.php\/heimatbrief-2008\/\" data-type=\"page\" data-id=\"1354\">2008<\/a><\/h1>\n<\/div>\n\n\n\n<div class=\"wp-block-column is-layout-flow wp-block-column-is-layout-flow\">\n<h1 class=\"wp-block-heading has-text-align-center\"><a href=\"https:\/\/schneidemuehl.net\/index.php\/heimatbrief-2009\/\" data-type=\"page\" data-id=\"1624\">2009<\/a><\/h1>\n<\/div>\n\n\n\n<div class=\"wp-block-column is-layout-flow wp-block-column-is-layout-flow\">\n<h1 class=\"wp-block-heading has-text-align-center\"><a href=\"https:\/\/schneidemuehl.net\/index.php\/heimatbrief-2010\/\" data-type=\"page\" data-id=\"1649\">2010<\/a><\/h1>\n<\/div>\n<\/div>\n\n\n\n<div class=\"wp-block-columns is-layout-flex wp-container-core-columns-is-layout-28f84493 wp-block-columns-is-layout-flex\">\n<div class=\"wp-block-column is-layout-flow wp-block-column-is-layout-flow\">\n<h1 class=\"wp-block-heading has-text-align-center\"><a href=\"https:\/\/schneidemuehl.net\/index.php\/heimatbrief-2011\/\" data-type=\"page\" data-id=\"1668\">2011<\/a><\/h1>\n<\/div>\n\n\n\n<div class=\"wp-block-column is-layout-flow wp-block-column-is-layout-flow\">\n<h1 class=\"wp-block-heading has-text-align-center\"><a href=\"https:\/\/schneidemuehl.net\/index.php\/heimatbrief-2012\/\" data-type=\"page\" data-id=\"1692\">2012<\/a><\/h1>\n<\/div>\n\n\n\n<div class=\"wp-block-column is-layout-flow wp-block-column-is-layout-flow\">\n<h1 class=\"wp-block-heading has-text-align-center\"><a href=\"https:\/\/schneidemuehl.net\/index.php\/heimatbrief-2013\/\" data-type=\"page\" data-id=\"1710\">2013<\/a><\/h1>\n<\/div>\n<\/div>\n\n\n\n<div class=\"wp-block-columns is-layout-flex wp-container-core-columns-is-layout-28f84493 wp-block-columns-is-layout-flex\">\n<div class=\"wp-block-column is-layout-flow wp-block-column-is-layout-flow\">\n<h1 class=\"wp-block-heading has-text-align-center\"><a href=\"https:\/\/schneidemuehl.net\/index.php\/heimatbrief-2014\/\" data-type=\"page\" data-id=\"1728\">2014<\/a><\/h1>\n<\/div>\n\n\n\n<div class=\"wp-block-column is-layout-flow wp-block-column-is-layout-flow\">\n<h1 class=\"wp-block-heading has-text-align-center\"><a href=\"https:\/\/schneidemuehl.net\/index.php\/heimatbrief-2015\/\" data-type=\"page\" data-id=\"1769\">2015<\/a><\/h1>\n<\/div>\n\n\n\n<div class=\"wp-block-column is-layout-flow wp-block-column-is-layout-flow\">\n<h1 class=\"wp-block-heading has-text-align-center\"><a href=\"https:\/\/schneidemuehl.net\/index.php\/heimatbrief-2016\/\" data-type=\"page\" data-id=\"3666\">2016<\/a><\/h1>\n<\/div>\n<\/div>\n\n\n\n<div class=\"wp-block-columns is-layout-flex wp-container-core-columns-is-layout-28f84493 wp-block-columns-is-layout-flex\">\n<div class=\"wp-block-column is-layout-flow wp-block-column-is-layout-flow\">\n<h1 class=\"wp-block-heading has-text-align-center\"><a href=\"https:\/\/schneidemuehl.net\/index.php\/heimatbrief-2017\/\" data-type=\"page\" data-id=\"3684\">2017<\/a><\/h1>\n<\/div>\n\n\n\n<div class=\"wp-block-column is-layout-flow wp-block-column-is-layout-flow\">\n<h1 class=\"wp-block-heading has-text-align-center\"><a href=\"https:\/\/schneidemuehl.net\/index.php\/heimatbrief-2018\/\" data-type=\"page\" data-id=\"3701\">2018<\/a><\/h1>\n<\/div>\n\n\n\n<div class=\"wp-block-column is-layout-flow wp-block-column-is-layout-flow\">\n<h1 class=\"wp-block-heading has-text-align-center\"><a href=\"https:\/\/schneidemuehl.net\/index.php\/heimatbrief-2019\/\" data-type=\"page\" data-id=\"3718\">2019<\/a><\/h1>\n<\/div>\n<\/div>\n\n\n\n<div class=\"wp-block-columns is-layout-flex wp-container-core-columns-is-layout-28f84493 wp-block-columns-is-layout-flex\">\n<div class=\"wp-block-column is-layout-flow wp-block-column-is-layout-flow\">\n<h1 class=\"wp-block-heading has-text-align-center\"><a href=\"https:\/\/schneidemuehl.net\/index.php\/heimatbrief-2020\/\" data-type=\"page\" data-id=\"3733\">2020<\/a><\/h1>\n<\/div>\n\n\n\n<div class=\"wp-block-column is-layout-flow wp-block-column-is-layout-flow\">\n<h1 class=\"wp-block-heading has-text-align-center\"><\/h1>\n<\/div>\n\n\n\n<div class=\"wp-block-column is-layout-flow wp-block-column-is-layout-flow\">\n<h1 class=\"wp-block-heading has-text-align-center\"><\/h1>\n<\/div>\n<\/div>\n","protected":false},"excerpt":{"rendered":"<p>Schneidem\u00fchler Heimatbrief 4 Ausgaben j\u00e4hrlich im Abonnement &#8211; Preis von 25,00 Euro Der Heimatbrief erscheint alle zwei Monate mit Berichten von fr\u00fcher und heute 1951 1952 1953 1954 1955 1956 1957 1958 1959 1960 1961 1962 1963 1964 1965 1966 1967 1968 1969 1970 1971 1972 1973 1974 1975 1976 1977 1978 1979 1980 1981 &hellip; <\/p>\n<p class=\"link-more\"><a href=\"https:\/\/schneidemuehl.net\/index.php\/heimatbrief-2\/\" class=\"more-link\">Mehr <span class=\"screen-reader-text\">\u00fcber &#8222;Heimatbriefe&#8220; <\/span>Lesen<\/a><\/p>\n","protected":false},"author":1,"featured_media":0,"parent":0,"menu_order":0,"comment_status":"closed","ping_status":"closed","template":"","meta":{"_acf_changed":false,"_kadence_starter_templates_imported_post":false,"inspiro_hide_title":false,"footnotes":""},"class_list":["post-972","page","type-page","status-publish","hentry"],"acf":[],"featured_media_urls":[],"_links":{"self":[{"href":"https:\/\/schneidemuehl.net\/index.php\/wp-json\/wp\/v2\/pages\/972","targetHints":{"allow":["GET"]}}],"collection":[{"href":"https:\/\/schneidemuehl.net\/index.php\/wp-json\/wp\/v2\/pages"}],"about":[{"href":"https:\/\/schneidemuehl.net\/index.php\/wp-json\/wp\/v2\/types\/page"}],"author":[{"embeddable":true,"href":"https:\/\/schneidemuehl.net\/index.php\/wp-json\/wp\/v2\/users\/1"}],"replies":[{"embeddable":true,"href":"https:\/\/schneidemuehl.net\/index.php\/wp-json\/wp\/v2\/comments?post=972"}],"version-history":[{"count":10,"href":"https:\/\/schneidemuehl.net\/index.php\/wp-json\/wp\/v2\/pages\/972\/revisions"}],"predecessor-version":[{"id":4870,"href":"https:\/\/schneidemuehl.net\/index.php\/wp-json\/wp\/v2\/pages\/972\/revisions\/4870"}],"wp:attachment":[{"href":"https:\/\/schneidemuehl.net\/index.php\/wp-json\/wp\/v2\/media?parent=972"}],"curies":[{"name":"wp","href":"https:\/\/api.w.org\/{rel}","templated":true}]}}