{"id":869,"date":"2022-07-18T08:08:57","date_gmt":"2022-07-18T08:08:57","guid":{"rendered":"http:\/\/schneidemuehl.net\/?page_id=869"},"modified":"2023-10-11T13:46:42","modified_gmt":"2023-10-11T13:46:42","slug":"unterkunfte","status":"publish","type":"page","link":"https:\/\/schneidemuehl.net\/index.php\/unterkunfte\/","title":{"rendered":"Unterk\u00fcnfte"},"content":{"rendered":"\n<p><\/p>\n\n\n\n<p><strong>Ferienwohnung in Travem\u00fcnde<\/strong><\/p>\n\n\n\n<p>Die Belegungszeiten f\u00fcr das Jahr 2023 im \u201eErnst-Moritz-Arndt-Haus\u201c, App. 109 in L\u00fcbeck-Travem\u00fcnde, Ostseestra\u00dfe 2 sind wie folgt:31.10.2023 \u2013 10.12.2023<\/p>\n\n\n\n<p><em>Anfragen bei Horst Vahldick, Tel.: 0451-476009<\/em><\/p>\n\n\n\n<p><\/p>\n\n\n\n<div class=\"wp-block-media-text alignwide is-stacked-on-mobile\" style=\"grid-template-columns:72% auto\"><figure class=\"wp-block-media-text__media\"><img loading=\"lazy\" decoding=\"async\" width=\"350\" height=\"262\" src=\"https:\/\/schneidemuehl.net\/wp-content\/uploads\/2022\/07\/hotel-rodlo.jpg\" alt=\"\" class=\"wp-image-870 size-full\" srcset=\"https:\/\/schneidemuehl.net\/wp-content\/uploads\/2022\/07\/hotel-rodlo.jpg 350w, https:\/\/schneidemuehl.net\/wp-content\/uploads\/2022\/07\/hotel-rodlo-300x225.jpg 300w\" sizes=\"auto, (max-width: 350px) 100vw, 350px\" \/><\/figure><div class=\"wp-block-media-text__content\">\n<p><a href=\"http:\/\/www.gromada.pl\/hotel-pila\" target=\"_blank\" rel=\"noreferrer noopener\">Hotel Gromada<\/a><\/p>\n<\/div><\/div>\n\n\n\n<div class=\"wp-block-media-text alignwide is-stacked-on-mobile\" style=\"grid-template-columns:72% auto\"><figure class=\"wp-block-media-text__media\"><img loading=\"lazy\" decoding=\"async\" width=\"350\" height=\"262\" src=\"https:\/\/schneidemuehl.net\/wp-content\/uploads\/2022\/07\/motel-orion.jpg\" alt=\"\" class=\"wp-image-875 size-full\" srcset=\"https:\/\/schneidemuehl.net\/wp-content\/uploads\/2022\/07\/motel-orion.jpg 350w, https:\/\/schneidemuehl.net\/wp-content\/uploads\/2022\/07\/motel-orion-300x225.jpg 300w\" sizes=\"auto, (max-width: 350px) 100vw, 350px\" \/><\/figure><div class=\"wp-block-media-text__content\">\n<p><a href=\"https:\/\/roomadmin.pl\/widget\/reservation-v2\/start?fh=0ad08dd6651545966e1766cfd94218d86abe3377&amp;arrival=2022-07-18&amp;departure=2022-07-19&amp;rooms%5B0%5D%5BnumberOfGuests%5D=2&amp;style=%7B%22color_accent%22:%22%231a73e8%22,%22color_bg%22:%22%23FFFFFF%22%7D&amp;header=1&amp;src=googlehc&amp;lang=pl\" target=\"_blank\" rel=\"noreferrer noopener\">Motel Orion<\/a><\/p>\n<\/div><\/div>\n\n\n\n<p><\/p>\n","protected":false},"excerpt":{"rendered":"<p>Ferienwohnung in Travem\u00fcnde Die Belegungszeiten f\u00fcr das Jahr 2023 im \u201eErnst-Moritz-Arndt-Haus\u201c, App. 109 in L\u00fcbeck-Travem\u00fcnde, Ostseestra\u00dfe 2 sind wie folgt:31.10.2023 \u2013 10.12.2023 Anfragen bei Horst Vahldick, Tel.: 0451-476009 Hotel Gromada Motel Orion<\/p>\n","protected":false},"author":1,"featured_media":0,"parent":0,"menu_order":0,"comment_status":"closed","ping_status":"closed","template":"","meta":{"_acf_changed":false,"_kadence_starter_templates_imported_post":false,"inspiro_hide_title":false,"footnotes":""},"class_list":["post-869","page","type-page","status-publish","hentry"],"acf":[],"featured_media_urls":[],"_links":{"self":[{"href":"https:\/\/schneidemuehl.net\/index.php\/wp-json\/wp\/v2\/pages\/869","targetHints":{"allow":["GET"]}}],"collection":[{"href":"https:\/\/schneidemuehl.net\/index.php\/wp-json\/wp\/v2\/pages"}],"about":[{"href":"https:\/\/schneidemuehl.net\/index.php\/wp-json\/wp\/v2\/types\/page"}],"author":[{"embeddable":true,"href":"https:\/\/schneidemuehl.net\/index.php\/wp-json\/wp\/v2\/users\/1"}],"replies":[{"embeddable":true,"href":"https:\/\/schneidemuehl.net\/index.php\/wp-json\/wp\/v2\/comments?post=869"}],"version-history":[{"count":4,"href":"https:\/\/schneidemuehl.net\/index.php\/wp-json\/wp\/v2\/pages\/869\/revisions"}],"predecessor-version":[{"id":1258,"href":"https:\/\/schneidemuehl.net\/index.php\/wp-json\/wp\/v2\/pages\/869\/revisions\/1258"}],"wp:attachment":[{"href":"https:\/\/schneidemuehl.net\/index.php\/wp-json\/wp\/v2\/media?parent=869"}],"curies":[{"name":"wp","href":"https:\/\/api.w.org\/{rel}","templated":true}]}}