{"id":862,"date":"2022-07-18T07:57:23","date_gmt":"2022-07-18T07:57:23","guid":{"rendered":"http:\/\/schneidemuehl.net\/?page_id=862"},"modified":"2026-03-06T21:30:37","modified_gmt":"2026-03-06T21:30:37","slug":"die-deutsche-sozial-kulturelle-gesellschaft-in-schneidemuhl","status":"publish","type":"page","link":"https:\/\/schneidemuehl.net\/index.php\/die-deutsche-sozial-kulturelle-gesellschaft-in-schneidemuhl\/","title":{"rendered":"Die Deutsche Sozial- Kulturelle Gesellschaft in Schneidem\u00fchl"},"content":{"rendered":"\n<p id=\"u12407-2\">Die Deutsche Gesellschaft in Schneidem\u00fchl wurde im Jahr 1992 gegr\u00fcndet. Bis heute ist sie auf cirka 800 Mitglieder angewachsen, die haupts\u00e4chlich in Schneidem\u00fchl und Umkreis wohnen. Das B\u00fcro befindet sich im Zentrum der Stadt Schneidem\u00fchl und besteht aus zwei B\u00fcror\u00e4umen sowie einem Unterrichts- bzw. Gesellschaftsraum. W\u00e4hrend der \u00d6ffnungszeiten am Dienstag und Donnerstag von 11 bis 18 Uhr kommen Mitglieder und Nichtmitglieder in verschiedenen Angelegenheiten zu Besuch: Beratung zum Antrag auf einen Reisepa\u00df, Mitgliedschaft in der Gesellschaft, Sprachunterricht, Vermittlung von Kontakten bzw. konkrete Hilfe bei jeglichen Anliegen im Zusammenhang mit Deutscher Kultur, Politik oder Arbeit in Deutschland. W\u00e4hrend des Schuljahres finden vier verschiedene Sprachkurse statt. Einen Schwerpunkt der Arbeit bildet au\u00dferdem die Kontaktpflege und Zusammenarbeit mit unterst\u00fctzenden und befreundeten Organisationen im In- und Ausland. Dazu geh\u00f6ren der Heimatkreis Schneidem\u00fchl in Cuxhaven, die Landsmannschaften Westpreu\u00dfen, Pommern und Weichsel- Warthe, der Verein f\u00fcr deutsche Kulturbeziehungen im Ausland (VDA) in Schwerin, der Bund deutscher Nordschleswiger in D\u00e4nemark, die Patenstadt Cuxhaven und andere. Gute Beziehungen bestehen dar\u00fcber hinaus zu anderen DFK `s. Nat\u00fcrlich pflegt die Deutsche Gesellschaft auch zahlreiche kulturelle und gesellschaftliche Kontakte innerhalb der Stadt Pila.<\/p>\n\n\n\n<h2 class=\"wp-block-heading\"><strong>Feste und Veranstaltungen<\/strong><\/h2>\n\n\n\n<p id=\"u12407-10\">Neben den allmonatlichen Treffen bei Kaffee und Kuchen im B\u00fcro wird das Jahr von gr\u00f6\u00dferen jahreszeitlichen Festen umrahmt. Gr\u00f6\u00dftes Fest ist die allj\u00e4hrliche Adventsfeier in Schneidem\u00fchl, zu der 300 bis 400 Mitglieder kommen, um nach einem abwechslungsreichen Kulturprogramm Geschenke ( f\u00fcr die J\u00fcngsten und \u00c4ltesten) in Empfang zu nehmen. Weitere Jahresfeste sind die Maifeier sowie Sommer- und Herbstfest, die meist im Freien auf einem nahe bei Schneidem\u00fchl gelegenen Forsthof mit Musik, Grillen und Bier stattfinden. Regelm\u00e4\u00dfig im September besuchen Mitglieder der Gesellschaft die Heilige Messe in deutscher Sprache in Schrotz, zu der eine Wallfahrtsgruppe der Freien Pr\u00e4latur Schneidem\u00fchl aus Deutschland anreist. Anl\u00e4\u00dflich des Tages der deutschen Einheit reisen einige Mitglieder des Vorstandes zu den Feierlichkeiten in Generalkonsulat Danzig.<\/p>\n\n\n\n<p id=\"u12407-11\">&nbsp;Im Laufe eines Jahres finden viele verschiedene kulturelle Veranstaltungen statt. Dazu geh\u00f6ren vor allem Konzerte unseres eigenen kleinen Chores, der meist zu Weihnachten und auch im Rahmen des st\u00e4dtischen Folklorefestivals auftritt. Andere Konzerte mit Folkloremusik, Liedermachern, Operettenmusik, Kammermusik, aber auch Theaterauff\u00fchrungen und Lesungen werden von uns mit Hilfe des Institutes f\u00fcr Auslandsbeziehungen (ifa) in Stuttgart durchgef\u00fchrt. Ebenfalls mit Hilfe von ifa fand in den letzten zwei Jahren jeweils eine deutsche Kinowoche in Schneidem\u00fchl statt sowie andere Filmvorf\u00fchrungen im kleinen und gr\u00f6\u00dferen Rahmen<\/p>\n\n\n\n<h2 class=\"wp-block-heading\"><strong>Besuch und Ausfl\u00fcge<\/strong><\/h2>\n\n\n\n<p id=\"u12407-19\">Etwa alle zwei bis drei Monate besuchen uns ehemalige Schneidem\u00fchler bzw. andere Heimatverbundene oder Mitglieder der Landsmannschaften oder Heimatkreise. Im Gegenzug fahren einige Mitglieder unserer Gesellschaft auf Einladung zu Besuch nach Deutschland oder auch D\u00e4nemark.<\/p>\n\n\n\n<p id=\"u12407-21\">Mehrmals im Jahr organisieren wir kleinere Tages- oder Wochenendausfl\u00fcge f\u00fcr unsere Leute. Au\u00dferdem stehen uns einige Pl\u00e4tze f\u00fcr l\u00e4ngere Reisen und Kinder- oder Jugendfreizeiten zur Verf\u00fcgung. Ausfl\u00fcge nach Deutschland im Rahmen des hiesigen Deutschseminiars, die vom ifa organisiert wurden, konnten im letzten Jahr wegen finanzieller Knappheit nicht mehr stattfinden.<\/p>\n\n\n\n<h2 class=\"wp-block-heading\"><strong>Jugendgruppe<\/strong><\/h2>\n\n\n\n<p>Die Deutsche Sozial- Kulturelle Gesellschaft hat eine eigene Jugendgruppe, deren T\u00e4tigkeit aufgrund des Berufseinstieges bzw. Umzuges vieler Mitglieder l\u00e4ngere Zeit ruhte. Im Fr\u00fchjahr 2003 haben sich alte und neue Mitglieder zu einer neuen Gruppe zusammengefunden, einen neuen Vorstand gew\u00e4hlt und planen mit Hilfe und Anleitung des ifa- Assistenten Projekte. U.a. Ausfl\u00fcge, Zusammenarbeit.<\/p>\n\n\n\n<p>Sie m\u00f6chten Kontakt zur Gesellschaft aufnehmen oder bei einem Besuch in Pila selbst vorbeischauen? Hier die Adresse.<\/p>\n\n\n\n<p id=\"u12407-33\"><strong>Dolmetschen, Hilfen und Stadtf\u00fchrungen in Schneidem\u00fchl \/ Pila:<\/strong><\/p>\n\n\n\n<p>B\u00fcro der deutschen Minderheit,<\/p>\n\n\n\n<p>Vorsitzende des Vereins: Frau Teresa Witkowska-Horn<\/p>\n\n\n\n<p>Anschrift:<\/p>\n\n\n\n<p>Deutsche Sozial-Kulturelle Gesellschaft in Schneidem\u00fchl e.V.<\/p>\n\n\n\n<p>ul. 11 Listopada 3a<\/p>\n\n\n\n<p>64-920 Pila \/ Polen<\/p>\n\n\n\n<p>E-Mail: <a href=\"mailto:ntsk.pila@gmail.com\">ntsk.pila@gmail.com<\/a><\/p>\n\n\n\n<p><strong>B\u00fcrozeiten:<\/strong> Dienstag und Donnerstag von 10 bis 16 Uhr<\/p>\n\n\n\n<p>Telefon Nr.: 0048 67 213 5494<\/p>\n\n\n\n<p>Mobil Nr.: +48 788 534 377<\/p>\n\n\n\n<p>&nbsp;&nbsp;&nbsp;&nbsp;&nbsp;&nbsp;&nbsp;&nbsp;&nbsp;&nbsp;&nbsp;&nbsp;&nbsp;&nbsp;&nbsp;&nbsp;&nbsp;&nbsp;&nbsp;&nbsp;&nbsp;&nbsp;&nbsp;&nbsp;&nbsp;&nbsp;&nbsp;&nbsp; <em>&nbsp;-das Team freut sich auf Ihren Besuch-<\/em><\/p>\n\n\n\n<figure class=\"wp-block-image alignwide size-full\"><img loading=\"lazy\" decoding=\"async\" width=\"475\" height=\"356\" src=\"https:\/\/schneidemuehl.net\/wp-content\/uploads\/2022\/07\/img_0201.jpg\" alt=\"\" class=\"wp-image-867\" srcset=\"https:\/\/schneidemuehl.net\/wp-content\/uploads\/2022\/07\/img_0201.jpg 475w, https:\/\/schneidemuehl.net\/wp-content\/uploads\/2022\/07\/img_0201-300x225.jpg 300w\" sizes=\"auto, (max-width: 475px) 100vw, 475px\" \/><figcaption class=\"wp-element-caption\">Hier finden Sie das B\u00fcro der Deutschen- Sozial- Kulturellen Gesellschaft (Eingang \u00fcber den Hof)<\/figcaption><\/figure>\n","protected":false},"excerpt":{"rendered":"<p>Die Deutsche Gesellschaft in Schneidem\u00fchl wurde im Jahr 1992 gegr\u00fcndet. Bis heute ist sie auf cirka 800 Mitglieder angewachsen, die haupts\u00e4chlich in Schneidem\u00fchl und Umkreis wohnen. Das B\u00fcro befindet sich im Zentrum der Stadt Schneidem\u00fchl und besteht aus zwei B\u00fcror\u00e4umen sowie einem Unterrichts- bzw. Gesellschaftsraum. W\u00e4hrend der \u00d6ffnungszeiten am Dienstag und Donnerstag von 11 bis &hellip; <\/p>\n<p class=\"link-more\"><a href=\"https:\/\/schneidemuehl.net\/index.php\/die-deutsche-sozial-kulturelle-gesellschaft-in-schneidemuhl\/\" class=\"more-link\">Mehr <span class=\"screen-reader-text\">\u00fcber &#8222;Die Deutsche Sozial- Kulturelle Gesellschaft in Schneidem\u00fchl&#8220; <\/span>Lesen<\/a><\/p>\n","protected":false},"author":1,"featured_media":0,"parent":0,"menu_order":0,"comment_status":"closed","ping_status":"closed","template":"","meta":{"_acf_changed":false,"_kadence_starter_templates_imported_post":false,"inspiro_hide_title":false,"footnotes":""},"class_list":["post-862","page","type-page","status-publish","hentry"],"acf":[],"featured_media_urls":[],"_links":{"self":[{"href":"https:\/\/schneidemuehl.net\/index.php\/wp-json\/wp\/v2\/pages\/862","targetHints":{"allow":["GET"]}}],"collection":[{"href":"https:\/\/schneidemuehl.net\/index.php\/wp-json\/wp\/v2\/pages"}],"about":[{"href":"https:\/\/schneidemuehl.net\/index.php\/wp-json\/wp\/v2\/types\/page"}],"author":[{"embeddable":true,"href":"https:\/\/schneidemuehl.net\/index.php\/wp-json\/wp\/v2\/users\/1"}],"replies":[{"embeddable":true,"href":"https:\/\/schneidemuehl.net\/index.php\/wp-json\/wp\/v2\/comments?post=862"}],"version-history":[{"count":5,"href":"https:\/\/schneidemuehl.net\/index.php\/wp-json\/wp\/v2\/pages\/862\/revisions"}],"predecessor-version":[{"id":4864,"href":"https:\/\/schneidemuehl.net\/index.php\/wp-json\/wp\/v2\/pages\/862\/revisions\/4864"}],"wp:attachment":[{"href":"https:\/\/schneidemuehl.net\/index.php\/wp-json\/wp\/v2\/media?parent=862"}],"curies":[{"name":"wp","href":"https:\/\/api.w.org\/{rel}","templated":true}]}}