{"id":809,"date":"2022-07-15T17:14:09","date_gmt":"2022-07-15T17:14:09","guid":{"rendered":"http:\/\/schneidemuehl.net\/?page_id=809"},"modified":"2022-07-18T12:43:47","modified_gmt":"2022-07-18T12:43:47","slug":"gemeindeschulemartin-luther-schule","status":"publish","type":"page","link":"https:\/\/schneidemuehl.net\/index.php\/gemeindeschulemartin-luther-schule\/","title":{"rendered":"Gemeindeschule Martin- Luther &#8211; Schule"},"content":{"rendered":"\n<figure class=\"wp-block-image alignwide size-full\"><img loading=\"lazy\" decoding=\"async\" width=\"323\" height=\"241\" src=\"https:\/\/schneidemuehl.net\/wp-content\/uploads\/2022\/07\/martinschule-foto-2-1.jpg\" alt=\"\" class=\"wp-image-813\" srcset=\"https:\/\/schneidemuehl.net\/wp-content\/uploads\/2022\/07\/martinschule-foto-2-1.jpg 323w, https:\/\/schneidemuehl.net\/wp-content\/uploads\/2022\/07\/martinschule-foto-2-1-300x224.jpg 300w\" sizes=\"auto, (max-width: 323px) 100vw, 323px\" \/><\/figure>\n\n\n\n<figure class=\"wp-block-image alignwide size-full\"><img loading=\"lazy\" decoding=\"async\" width=\"398\" height=\"248\" src=\"https:\/\/schneidemuehl.net\/wp-content\/uploads\/2022\/07\/martinschule-foto-1.jpg\" alt=\"\" class=\"wp-image-815\" srcset=\"https:\/\/schneidemuehl.net\/wp-content\/uploads\/2022\/07\/martinschule-foto-1.jpg 398w, https:\/\/schneidemuehl.net\/wp-content\/uploads\/2022\/07\/martinschule-foto-1-300x187.jpg 300w\" sizes=\"auto, (max-width: 398px) 100vw, 398px\" \/><\/figure>\n\n\n\n<p>Um die Schule in der Posener Stra\u00dfe zu entlasten, den Unterricht zeitgem\u00e4\u00df zu gestalten und den Vorstadtkindern die weiten Schulwege abzuk\u00fcrzen, wurden die evangelischen Schulen in der Berliner- und Bromberger Vorstadt am 14.10.1889 und Ostern 1890 in gemieteten R\u00e4umen er\u00f6ffnet.<\/p>\n\n\n\n<p>Die Unterrichtsr\u00e4ume waren zun\u00e4chst bei dem B\u00e4ckermeister N\u00f6ske, Klappsteiner Weg Nr. 8 eingerichtet. Auch die Ostern 1891 begr\u00fcndete 4. Klasse musste im Hause Klappsteiner Weg 16 eingemietet werden.<\/p>\n\n\n\n<p>Die Unzul\u00e4nglichkeit der Mietr\u00e4ume machte den Bau eines neuen Schulhauses n\u00f6tig. Es entstand an der Martinstra\u00dfe 37 f\u00fcr 97.000.00 Mark und wurde am 17.10.1892 eingeweiht.<\/p>\n\n\n\n<p>1920 wurde eine Schulbaracke aufgestellt, zwei Jahre sp\u00e4ter konnte am 28.01.1922 das 3. Stockwerk bezogen werden. Eine weitere Baracke mit 2 Klassenr\u00e4umen behob seit 1929 etwas den wieder eingetrtenen Raummangel.<\/p>\n\n\n\n<p>Die Sch\u00fclerzahlen stiegen stetig weiter, darum schritt man im Sommer zu einem Erweiterungsbau mit Turnhalle. Als dann noch Ostern 1933 die 6. Gemeindeschule ihr eigenes Geb\u00e4ude bekam, konnte die 5. Gemeindeschule das ganze Geb\u00e4ude mit dem Anbau im Herbst 1933 \u00fcbernehmen. Sie erhielt bei der Einweihungsfeier den Namen Martin- Luther- Schule.<\/p>\n\n\n\n<p>Der massive, verputzte Ziegelbau besa\u00df jetzt einen Wert von 350.000.00 Reichsmark, der Grund und Boden einen von 40.000.00 Reichsmark. Er war voll unterkellert, besa\u00df eine Zentralhei\u00dfung, Wasser-, Gas-, Strom- und Kanalanschlu\u00df.<\/p>\n\n\n\n<figure class=\"wp-block-image alignwide size-full\"><img loading=\"lazy\" decoding=\"async\" width=\"626\" height=\"505\" src=\"https:\/\/schneidemuehl.net\/wp-content\/uploads\/2022\/07\/martinschule-erdgeschoss-1.jpg\" alt=\"\" class=\"wp-image-817\" srcset=\"https:\/\/schneidemuehl.net\/wp-content\/uploads\/2022\/07\/martinschule-erdgeschoss-1.jpg 626w, https:\/\/schneidemuehl.net\/wp-content\/uploads\/2022\/07\/martinschule-erdgeschoss-1-300x242.jpg 300w, https:\/\/schneidemuehl.net\/wp-content\/uploads\/2022\/07\/martinschule-erdgeschoss-1-600x484.jpg 600w\" sizes=\"auto, (max-width: 626px) 100vw, 626px\" \/><\/figure>\n\n\n\n<figure class=\"wp-block-image alignwide size-full\"><img loading=\"lazy\" decoding=\"async\" width=\"751\" height=\"199\" src=\"https:\/\/schneidemuehl.net\/wp-content\/uploads\/2022\/07\/martinschule-2etage-1.jpg\" alt=\"\" class=\"wp-image-818\" srcset=\"https:\/\/schneidemuehl.net\/wp-content\/uploads\/2022\/07\/martinschule-2etage-1.jpg 751w, https:\/\/schneidemuehl.net\/wp-content\/uploads\/2022\/07\/martinschule-2etage-1-300x79.jpg 300w, https:\/\/schneidemuehl.net\/wp-content\/uploads\/2022\/07\/martinschule-2etage-1-600x159.jpg 600w\" sizes=\"auto, (max-width: 751px) 100vw, 751px\" \/><\/figure>\n\n\n\n<figure class=\"wp-block-image alignwide size-full\"><img loading=\"lazy\" decoding=\"async\" width=\"455\" height=\"203\" src=\"https:\/\/schneidemuehl.net\/wp-content\/uploads\/2022\/07\/martinschule-3etage-1.jpg\" alt=\"\" class=\"wp-image-820\" srcset=\"https:\/\/schneidemuehl.net\/wp-content\/uploads\/2022\/07\/martinschule-3etage-1.jpg 455w, https:\/\/schneidemuehl.net\/wp-content\/uploads\/2022\/07\/martinschule-3etage-1-300x134.jpg 300w\" sizes=\"auto, (max-width: 455px) 100vw, 455px\" \/><\/figure>\n","protected":false},"excerpt":{"rendered":"<p>Um die Schule in der Posener Stra\u00dfe zu entlasten, den Unterricht zeitgem\u00e4\u00df zu gestalten und den Vorstadtkindern die weiten Schulwege abzuk\u00fcrzen, wurden die evangelischen Schulen in der Berliner- und Bromberger Vorstadt am 14.10.1889 und Ostern 1890 in gemieteten R\u00e4umen er\u00f6ffnet. Die Unterrichtsr\u00e4ume waren zun\u00e4chst bei dem B\u00e4ckermeister N\u00f6ske, Klappsteiner Weg Nr. 8 eingerichtet. Auch die &hellip; <\/p>\n<p class=\"link-more\"><a href=\"https:\/\/schneidemuehl.net\/index.php\/gemeindeschulemartin-luther-schule\/\" class=\"more-link\">Mehr <span class=\"screen-reader-text\">\u00fcber &#8222;Gemeindeschule Martin- Luther &#8211; Schule&#8220; <\/span>Lesen<\/a><\/p>\n","protected":false},"author":1,"featured_media":0,"parent":0,"menu_order":0,"comment_status":"closed","ping_status":"closed","template":"","meta":{"_acf_changed":false,"_kadence_starter_templates_imported_post":false,"inspiro_hide_title":false,"footnotes":""},"class_list":["post-809","page","type-page","status-publish","hentry"],"acf":[],"featured_media_urls":[],"_links":{"self":[{"href":"https:\/\/schneidemuehl.net\/index.php\/wp-json\/wp\/v2\/pages\/809","targetHints":{"allow":["GET"]}}],"collection":[{"href":"https:\/\/schneidemuehl.net\/index.php\/wp-json\/wp\/v2\/pages"}],"about":[{"href":"https:\/\/schneidemuehl.net\/index.php\/wp-json\/wp\/v2\/types\/page"}],"author":[{"embeddable":true,"href":"https:\/\/schneidemuehl.net\/index.php\/wp-json\/wp\/v2\/users\/1"}],"replies":[{"embeddable":true,"href":"https:\/\/schneidemuehl.net\/index.php\/wp-json\/wp\/v2\/comments?post=809"}],"version-history":[{"count":6,"href":"https:\/\/schneidemuehl.net\/index.php\/wp-json\/wp\/v2\/pages\/809\/revisions"}],"predecessor-version":[{"id":984,"href":"https:\/\/schneidemuehl.net\/index.php\/wp-json\/wp\/v2\/pages\/809\/revisions\/984"}],"wp:attachment":[{"href":"https:\/\/schneidemuehl.net\/index.php\/wp-json\/wp\/v2\/media?parent=809"}],"curies":[{"name":"wp","href":"https:\/\/api.w.org\/{rel}","templated":true}]}}