{"id":795,"date":"2022-07-15T17:04:05","date_gmt":"2022-07-15T17:04:05","guid":{"rendered":"http:\/\/schneidemuehl.net\/?page_id=795"},"modified":"2022-07-15T17:04:05","modified_gmt":"2022-07-15T17:04:05","slug":"gemeindeschule-dietrich-eckart-schule-und-die-pestalozzischule-evang-hilfsschule","status":"publish","type":"page","link":"https:\/\/schneidemuehl.net\/index.php\/gemeindeschule-dietrich-eckart-schule-und-die-pestalozzischule-evang-hilfsschule\/","title":{"rendered":"Gemeindeschule &#8211; Dietrich- Eckart- Schule und die Pestalozzischule- Evang. Hilfsschule"},"content":{"rendered":"\n<p>Sie wurde von der Stadt Schneidem\u00fchl1892\/1893 auf dem 75&#215;100 m gro\u00dfen Grudst\u00fcck Brombergerstra\u00dfe 21 als Ziegelbau mit einem Oelfarbanstrich zweigeschossig errichtet. Erst im Jahre 1926 erhielt die Schule ein weiteres Stockwerk. Sie besa\u00df einen Luftschutzkeller, Wasser,- Strom-, Gas und Kanalisationsanschlu\u00df und eine Warmwasserheizung. Die Baukosten betrugen 225 000 Reichsmark, der Grund und Boden nochsmals 60 000 Reichsmark, die Kosten f\u00fcr die Einrichtung waren darin nicht enthalten. Die Schule hatte 25 Klassenzimmer, wovon 4 Klassen von der 3. Gemeindeschule benutzt wurden. F\u00fcr die Hilfsschule gab es keine gesonderten R\u00e4ume, sie wurden je nach Bedarf zugeteilt.<\/p>\n\n\n\n<figure class=\"wp-block-image size-full\"><img loading=\"lazy\" decoding=\"async\" width=\"751\" height=\"304\" src=\"https:\/\/schneidemuehl.net\/wp-content\/uploads\/2022\/07\/4-gemeindeschule-erdgeschoss.jpg\" alt=\"\" class=\"wp-image-796\" srcset=\"https:\/\/schneidemuehl.net\/wp-content\/uploads\/2022\/07\/4-gemeindeschule-erdgeschoss.jpg 751w, https:\/\/schneidemuehl.net\/wp-content\/uploads\/2022\/07\/4-gemeindeschule-erdgeschoss-300x121.jpg 300w, https:\/\/schneidemuehl.net\/wp-content\/uploads\/2022\/07\/4-gemeindeschule-erdgeschoss-600x243.jpg 600w\" sizes=\"auto, (max-width: 751px) 100vw, 751px\" \/><\/figure>\n\n\n\n<figure class=\"wp-block-image size-full\"><img loading=\"lazy\" decoding=\"async\" width=\"751\" height=\"521\" src=\"https:\/\/schneidemuehl.net\/wp-content\/uploads\/2022\/07\/4-gemeindeschule-1-u-2-etage.jpg\" alt=\"\" class=\"wp-image-797\" srcset=\"https:\/\/schneidemuehl.net\/wp-content\/uploads\/2022\/07\/4-gemeindeschule-1-u-2-etage.jpg 751w, https:\/\/schneidemuehl.net\/wp-content\/uploads\/2022\/07\/4-gemeindeschule-1-u-2-etage-300x208.jpg 300w, https:\/\/schneidemuehl.net\/wp-content\/uploads\/2022\/07\/4-gemeindeschule-1-u-2-etage-600x416.jpg 600w\" sizes=\"auto, (max-width: 751px) 100vw, 751px\" \/><\/figure>\n\n\n\n<p>Au\u00dferdem hatte die Schule:<\/p>\n\n\n\n<p>1 Werkraum<\/p>\n\n\n\n<p>1 Zeichensaal<\/p>\n\n\n\n<p>1 Physikraum<\/p>\n\n\n\n<p>2 Lehrerzimmer<\/p>\n\n\n\n<p>2 Rektorenzimmer<\/p>\n\n\n\n<p>2 B\u00fcchereien<\/p>\n\n\n\n<p>2 Lehrmittelsammlungen<\/p>\n\n\n\n<p>Ferner waren vorhanden:<\/p>\n\n\n\n<p>1 Hausmeisterwohnung in einer Gr\u00f6\u00dfe von 160 qm bestehend aus K\u00fcche, 4 Zimmer, Badezimmer, Toilette.<\/p>\n\n\n\n<p>2 Toilettengeb\u00e4ude 10x 6 m, massiver Ziegelbau mit Pappdach auf dem Hof und 1 Schulbaracke 24&#215;7 m mit 2 Klassenzimmern.<\/p>\n","protected":false},"excerpt":{"rendered":"<p>Sie wurde von der Stadt Schneidem\u00fchl1892\/1893 auf dem 75&#215;100 m gro\u00dfen Grudst\u00fcck Brombergerstra\u00dfe 21 als Ziegelbau mit einem Oelfarbanstrich zweigeschossig errichtet. Erst im Jahre 1926 erhielt die Schule ein weiteres Stockwerk. Sie besa\u00df einen Luftschutzkeller, Wasser,- Strom-, Gas und Kanalisationsanschlu\u00df und eine Warmwasserheizung. Die Baukosten betrugen 225 000 Reichsmark, der Grund und Boden nochsmals 60 &hellip; <\/p>\n<p class=\"link-more\"><a href=\"https:\/\/schneidemuehl.net\/index.php\/gemeindeschule-dietrich-eckart-schule-und-die-pestalozzischule-evang-hilfsschule\/\" class=\"more-link\">Mehr <span class=\"screen-reader-text\">\u00fcber &#8222;Gemeindeschule &#8211; Dietrich- Eckart- Schule und die Pestalozzischule- Evang. Hilfsschule&#8220; <\/span>Lesen<\/a><\/p>\n","protected":false},"author":1,"featured_media":0,"parent":0,"menu_order":0,"comment_status":"closed","ping_status":"closed","template":"","meta":{"_acf_changed":false,"_kadence_starter_templates_imported_post":false,"inspiro_hide_title":false,"footnotes":""},"class_list":["post-795","page","type-page","status-publish","hentry"],"acf":[],"featured_media_urls":[],"_links":{"self":[{"href":"https:\/\/schneidemuehl.net\/index.php\/wp-json\/wp\/v2\/pages\/795","targetHints":{"allow":["GET"]}}],"collection":[{"href":"https:\/\/schneidemuehl.net\/index.php\/wp-json\/wp\/v2\/pages"}],"about":[{"href":"https:\/\/schneidemuehl.net\/index.php\/wp-json\/wp\/v2\/types\/page"}],"author":[{"embeddable":true,"href":"https:\/\/schneidemuehl.net\/index.php\/wp-json\/wp\/v2\/users\/1"}],"replies":[{"embeddable":true,"href":"https:\/\/schneidemuehl.net\/index.php\/wp-json\/wp\/v2\/comments?post=795"}],"version-history":[{"count":1,"href":"https:\/\/schneidemuehl.net\/index.php\/wp-json\/wp\/v2\/pages\/795\/revisions"}],"predecessor-version":[{"id":799,"href":"https:\/\/schneidemuehl.net\/index.php\/wp-json\/wp\/v2\/pages\/795\/revisions\/799"}],"wp:attachment":[{"href":"https:\/\/schneidemuehl.net\/index.php\/wp-json\/wp\/v2\/media?parent=795"}],"curies":[{"name":"wp","href":"https:\/\/api.w.org\/{rel}","templated":true}]}}