{"id":755,"date":"2022-07-15T15:43:38","date_gmt":"2022-07-15T15:43:38","guid":{"rendered":"http:\/\/schneidemuehl.net\/?page_id=755"},"modified":"2022-07-15T15:55:49","modified_gmt":"2022-07-15T15:55:49","slug":"gemeindeschule-moltkeschule","status":"publish","type":"page","link":"https:\/\/schneidemuehl.net\/index.php\/gemeindeschule-moltkeschule\/","title":{"rendered":"Gemeindeschule &#8211; Moltkeschule"},"content":{"rendered":"\n<figure class=\"wp-block-image alignwide size-full\"><img loading=\"lazy\" decoding=\"async\" width=\"517\" height=\"433\" src=\"https:\/\/schneidemuehl.net\/wp-content\/uploads\/2022\/07\/schreiber-autograf_0030-edited.jpg\" alt=\"\" class=\"wp-image-767\" srcset=\"https:\/\/schneidemuehl.net\/wp-content\/uploads\/2022\/07\/schreiber-autograf_0030-edited.jpg 517w, https:\/\/schneidemuehl.net\/wp-content\/uploads\/2022\/07\/schreiber-autograf_0030-edited-300x251.jpg 300w\" sizes=\"auto, (max-width: 517px) 100vw, 517px\" \/><\/figure>\n\n\n\n<figure class=\"wp-block-image alignwide size-full\"><img loading=\"lazy\" decoding=\"async\" width=\"775\" height=\"503\" src=\"https:\/\/schneidemuehl.net\/wp-content\/uploads\/2022\/07\/kino-iskra.jpg\" alt=\"\" class=\"wp-image-760\" srcset=\"https:\/\/schneidemuehl.net\/wp-content\/uploads\/2022\/07\/kino-iskra.jpg 775w, https:\/\/schneidemuehl.net\/wp-content\/uploads\/2022\/07\/kino-iskra-300x195.jpg 300w, https:\/\/schneidemuehl.net\/wp-content\/uploads\/2022\/07\/kino-iskra-768x498.jpg 768w, https:\/\/schneidemuehl.net\/wp-content\/uploads\/2022\/07\/kino-iskra-600x389.jpg 600w\" sizes=\"auto, (max-width: 775px) 100vw, 775px\" \/><\/figure>\n\n\n\n<figure class=\"wp-block-image alignwide size-full\"><img loading=\"lazy\" decoding=\"async\" width=\"776\" height=\"564\" src=\"https:\/\/schneidemuehl.net\/wp-content\/uploads\/2022\/07\/schreiber-autograf_0029.jpg\" alt=\"\" class=\"wp-image-766\" srcset=\"https:\/\/schneidemuehl.net\/wp-content\/uploads\/2022\/07\/schreiber-autograf_0029.jpg 776w, https:\/\/schneidemuehl.net\/wp-content\/uploads\/2022\/07\/schreiber-autograf_0029-300x218.jpg 300w, https:\/\/schneidemuehl.net\/wp-content\/uploads\/2022\/07\/schreiber-autograf_0029-768x558.jpg 768w, https:\/\/schneidemuehl.net\/wp-content\/uploads\/2022\/07\/schreiber-autograf_0029-600x436.jpg 600w\" sizes=\"auto, (max-width: 776px) 100vw, 776px\" \/><\/figure>\n\n\n\n<p>In den Jahren 1923 \/ 1924 baute die Stadt Schneidem\u00fchl die 2. Gemeindeschule an der Moltestra\u00dfe, gegen\u00fcber der Kirche \u201e Zur heiligen Familie\u201c. Die Baukosten betrugen 600 000 Reichsmark. In dieser Summe simd die Aufwendungen f\u00fcr die Beschaffung der modernen Einrichtung nicht enthalten. Es ist ein massiver, verputzter Ziegelbau mit einem Ziegeldach. Grund und Boden hatten einen Wert von 36 000 Reichsmark. Die Schule besa\u00df eine Zentralheizung, Wasser-, Gas-, Elektro- und Kanalanschlu\u00df. Im Kellergescho\u00df befand sich weiter ein Brause- und Wannenbad, im Erdgescho\u00df angebaut eine Turnhalle.<\/p>\n\n\n\n<figure class=\"wp-block-image alignwide size-full\"><img loading=\"lazy\" decoding=\"async\" width=\"779\" height=\"351\" src=\"https:\/\/schneidemuehl.net\/wp-content\/uploads\/2022\/07\/2-gemeindeschule-erdgeschoss.jpg\" alt=\"\" class=\"wp-image-768\" srcset=\"https:\/\/schneidemuehl.net\/wp-content\/uploads\/2022\/07\/2-gemeindeschule-erdgeschoss.jpg 779w, https:\/\/schneidemuehl.net\/wp-content\/uploads\/2022\/07\/2-gemeindeschule-erdgeschoss-300x135.jpg 300w, https:\/\/schneidemuehl.net\/wp-content\/uploads\/2022\/07\/2-gemeindeschule-erdgeschoss-768x346.jpg 768w, https:\/\/schneidemuehl.net\/wp-content\/uploads\/2022\/07\/2-gemeindeschule-erdgeschoss-600x270.jpg 600w\" sizes=\"auto, (max-width: 779px) 100vw, 779px\" \/><\/figure>\n\n\n\n<figure class=\"wp-block-image alignwide size-full\"><img loading=\"lazy\" decoding=\"async\" width=\"777\" height=\"206\" src=\"https:\/\/schneidemuehl.net\/wp-content\/uploads\/2022\/07\/2-gemeindeschule-2-etage.jpg\" alt=\"\" class=\"wp-image-770\" srcset=\"https:\/\/schneidemuehl.net\/wp-content\/uploads\/2022\/07\/2-gemeindeschule-2-etage.jpg 777w, https:\/\/schneidemuehl.net\/wp-content\/uploads\/2022\/07\/2-gemeindeschule-2-etage-300x80.jpg 300w, https:\/\/schneidemuehl.net\/wp-content\/uploads\/2022\/07\/2-gemeindeschule-2-etage-768x204.jpg 768w, https:\/\/schneidemuehl.net\/wp-content\/uploads\/2022\/07\/2-gemeindeschule-2-etage-600x159.jpg 600w\" sizes=\"auto, (max-width: 777px) 100vw, 777px\" \/><\/figure>\n\n\n\n<p>In den drei Etagen waren vorhanden:<\/p>\n\n\n\n<p>17 Klassenzimmer<\/p>\n\n\n\n<p>1 Zeichensaal<\/p>\n\n\n\n<p>1 Physikraum<\/p>\n\n\n\n<p>1 Biologieraum<\/p>\n\n\n\n<p>1 Naturkunderaum<\/p>\n\n\n\n<p>1 Kartenraum<\/p>\n\n\n\n<p>1 Bibliothekraum<\/p>\n\n\n\n<p>1 Rektorzimmer<\/p>\n\n\n\n<p>1 Konferenzraum<\/p>\n\n\n\n<p>1 Raum f\u00fcr den Schulrat<\/p>\n\n\n\n<p>2 Lehrerzimmer<\/p>\n\n\n\n<p>6 Toiletten<\/p>\n\n\n\n<p>Au\u00dferdem gab es f\u00fcr den Rektor eine 5- Zimmerwohnung mit K\u00fcche, Bad und WC und f\u00fcr den Hausmeister eine 3- Zimmerwohnung mit K\u00fcche, Bad und WC. In die Schule integriert war der st\u00e4dtische Festsaal mit B\u00fchne, K\u00fcnstlerzimmern und Filmvorf\u00fchrraum. Der Festsaal war gleichzeitig die Aula der Moltkeschule.<\/p>\n\n\n\n<figure class=\"wp-block-image alignwide size-full\"><img loading=\"lazy\" decoding=\"async\" width=\"777\" height=\"644\" src=\"https:\/\/schneidemuehl.net\/wp-content\/uploads\/2022\/07\/schreiber-autograf_0025.jpg\" alt=\"\" class=\"wp-image-771\" srcset=\"https:\/\/schneidemuehl.net\/wp-content\/uploads\/2022\/07\/schreiber-autograf_0025.jpg 777w, https:\/\/schneidemuehl.net\/wp-content\/uploads\/2022\/07\/schreiber-autograf_0025-300x249.jpg 300w, https:\/\/schneidemuehl.net\/wp-content\/uploads\/2022\/07\/schreiber-autograf_0025-768x637.jpg 768w, https:\/\/schneidemuehl.net\/wp-content\/uploads\/2022\/07\/schreiber-autograf_0025-600x497.jpg 600w\" sizes=\"auto, (max-width: 777px) 100vw, 777px\" \/><\/figure>\n\n\n\n<figure class=\"wp-block-image alignwide size-full\"><img loading=\"lazy\" decoding=\"async\" width=\"791\" height=\"622\" src=\"https:\/\/schneidemuehl.net\/wp-content\/uploads\/2022\/07\/schreiber-autograf_0026.jpg\" alt=\"\" class=\"wp-image-773\" srcset=\"https:\/\/schneidemuehl.net\/wp-content\/uploads\/2022\/07\/schreiber-autograf_0026.jpg 791w, https:\/\/schneidemuehl.net\/wp-content\/uploads\/2022\/07\/schreiber-autograf_0026-300x236.jpg 300w, https:\/\/schneidemuehl.net\/wp-content\/uploads\/2022\/07\/schreiber-autograf_0026-768x604.jpg 768w, https:\/\/schneidemuehl.net\/wp-content\/uploads\/2022\/07\/schreiber-autograf_0026-600x472.jpg 600w\" sizes=\"auto, (max-width: 791px) 100vw, 791px\" \/><\/figure>\n\n\n\n<figure class=\"wp-block-image alignwide size-full\"><img loading=\"lazy\" decoding=\"async\" width=\"781\" height=\"631\" src=\"https:\/\/schneidemuehl.net\/wp-content\/uploads\/2022\/07\/schreiber-autograf_0027.jpg\" alt=\"\" class=\"wp-image-775\" srcset=\"https:\/\/schneidemuehl.net\/wp-content\/uploads\/2022\/07\/schreiber-autograf_0027.jpg 781w, https:\/\/schneidemuehl.net\/wp-content\/uploads\/2022\/07\/schreiber-autograf_0027-300x242.jpg 300w, https:\/\/schneidemuehl.net\/wp-content\/uploads\/2022\/07\/schreiber-autograf_0027-768x620.jpg 768w, https:\/\/schneidemuehl.net\/wp-content\/uploads\/2022\/07\/schreiber-autograf_0027-600x485.jpg 600w\" sizes=\"auto, (max-width: 781px) 100vw, 781px\" \/><\/figure>\n\n\n\n<figure class=\"wp-block-image alignwide size-full\"><img loading=\"lazy\" decoding=\"async\" width=\"784\" height=\"651\" src=\"https:\/\/schneidemuehl.net\/wp-content\/uploads\/2022\/07\/schreiber-autograf_0028.jpg\" alt=\"\" class=\"wp-image-777\" srcset=\"https:\/\/schneidemuehl.net\/wp-content\/uploads\/2022\/07\/schreiber-autograf_0028.jpg 784w, https:\/\/schneidemuehl.net\/wp-content\/uploads\/2022\/07\/schreiber-autograf_0028-300x249.jpg 300w, https:\/\/schneidemuehl.net\/wp-content\/uploads\/2022\/07\/schreiber-autograf_0028-768x638.jpg 768w, https:\/\/schneidemuehl.net\/wp-content\/uploads\/2022\/07\/schreiber-autograf_0028-600x498.jpg 600w\" sizes=\"auto, (max-width: 784px) 100vw, 784px\" \/><\/figure>\n\n\n\n<figure class=\"wp-block-image alignwide size-full\"><img loading=\"lazy\" decoding=\"async\" width=\"778\" height=\"579\" src=\"https:\/\/schneidemuehl.net\/wp-content\/uploads\/2022\/07\/schreiber-autograf_0112-crop-u10588.jpg\" alt=\"\" class=\"wp-image-778\" srcset=\"https:\/\/schneidemuehl.net\/wp-content\/uploads\/2022\/07\/schreiber-autograf_0112-crop-u10588.jpg 778w, https:\/\/schneidemuehl.net\/wp-content\/uploads\/2022\/07\/schreiber-autograf_0112-crop-u10588-300x223.jpg 300w, https:\/\/schneidemuehl.net\/wp-content\/uploads\/2022\/07\/schreiber-autograf_0112-crop-u10588-768x572.jpg 768w, https:\/\/schneidemuehl.net\/wp-content\/uploads\/2022\/07\/schreiber-autograf_0112-crop-u10588-600x447.jpg 600w\" sizes=\"auto, (max-width: 778px) 100vw, 778px\" \/><\/figure>\n","protected":false},"excerpt":{"rendered":"<p>In den Jahren 1923 \/ 1924 baute die Stadt Schneidem\u00fchl die 2. Gemeindeschule an der Moltestra\u00dfe, gegen\u00fcber der Kirche \u201e Zur heiligen Familie\u201c. Die Baukosten betrugen 600 000 Reichsmark. In dieser Summe simd die Aufwendungen f\u00fcr die Beschaffung der modernen Einrichtung nicht enthalten. Es ist ein massiver, verputzter Ziegelbau mit einem Ziegeldach. Grund und Boden &hellip; <\/p>\n<p class=\"link-more\"><a href=\"https:\/\/schneidemuehl.net\/index.php\/gemeindeschule-moltkeschule\/\" class=\"more-link\">Mehr <span class=\"screen-reader-text\">\u00fcber &#8222;Gemeindeschule &#8211; Moltkeschule&#8220; <\/span>Lesen<\/a><\/p>\n","protected":false},"author":1,"featured_media":0,"parent":0,"menu_order":0,"comment_status":"closed","ping_status":"closed","template":"","meta":{"_acf_changed":false,"_kadence_starter_templates_imported_post":false,"inspiro_hide_title":false,"footnotes":""},"class_list":["post-755","page","type-page","status-publish","hentry"],"acf":[],"featured_media_urls":[],"_links":{"self":[{"href":"https:\/\/schneidemuehl.net\/index.php\/wp-json\/wp\/v2\/pages\/755","targetHints":{"allow":["GET"]}}],"collection":[{"href":"https:\/\/schneidemuehl.net\/index.php\/wp-json\/wp\/v2\/pages"}],"about":[{"href":"https:\/\/schneidemuehl.net\/index.php\/wp-json\/wp\/v2\/types\/page"}],"author":[{"embeddable":true,"href":"https:\/\/schneidemuehl.net\/index.php\/wp-json\/wp\/v2\/users\/1"}],"replies":[{"embeddable":true,"href":"https:\/\/schneidemuehl.net\/index.php\/wp-json\/wp\/v2\/comments?post=755"}],"version-history":[{"count":7,"href":"https:\/\/schneidemuehl.net\/index.php\/wp-json\/wp\/v2\/pages\/755\/revisions"}],"predecessor-version":[{"id":779,"href":"https:\/\/schneidemuehl.net\/index.php\/wp-json\/wp\/v2\/pages\/755\/revisions\/779"}],"wp:attachment":[{"href":"https:\/\/schneidemuehl.net\/index.php\/wp-json\/wp\/v2\/media?parent=755"}],"curies":[{"name":"wp","href":"https:\/\/api.w.org\/{rel}","templated":true}]}}