{"id":741,"date":"2022-07-15T15:09:02","date_gmt":"2022-07-15T15:09:02","guid":{"rendered":"http:\/\/schneidemuehl.net\/?page_id=741"},"modified":"2022-07-15T15:43:14","modified_gmt":"2022-07-15T15:43:14","slug":"die-schneidemuhler-schulen","status":"publish","type":"page","link":"https:\/\/schneidemuehl.net\/index.php\/die-schneidemuhler-schulen\/","title":{"rendered":"Gemeindeschule &#8211; Bismarckschule"},"content":{"rendered":"\n<figure class=\"wp-block-image aligncenter size-full\"><img loading=\"lazy\" decoding=\"async\" width=\"749\" height=\"492\" src=\"https:\/\/schneidemuehl.net\/wp-content\/uploads\/2022\/07\/sliwinski_10.jpg\" alt=\"\" class=\"wp-image-742\" srcset=\"https:\/\/schneidemuehl.net\/wp-content\/uploads\/2022\/07\/sliwinski_10.jpg 749w, https:\/\/schneidemuehl.net\/wp-content\/uploads\/2022\/07\/sliwinski_10-300x197.jpg 300w, https:\/\/schneidemuehl.net\/wp-content\/uploads\/2022\/07\/sliwinski_10-600x394.jpg 600w\" sizes=\"auto, (max-width: 749px) 100vw, 749px\" \/><\/figure>\n\n\n\n<figure class=\"wp-block-image aligncenter size-full\"><img loading=\"lazy\" decoding=\"async\" width=\"748\" height=\"477\" src=\"https:\/\/schneidemuehl.net\/wp-content\/uploads\/2022\/07\/sliwinski_9.jpg\" alt=\"\" class=\"wp-image-743\" srcset=\"https:\/\/schneidemuehl.net\/wp-content\/uploads\/2022\/07\/sliwinski_9.jpg 748w, https:\/\/schneidemuehl.net\/wp-content\/uploads\/2022\/07\/sliwinski_9-300x191.jpg 300w, https:\/\/schneidemuehl.net\/wp-content\/uploads\/2022\/07\/sliwinski_9-600x383.jpg 600w\" sizes=\"auto, (max-width: 748px) 100vw, 748px\" \/><\/figure>\n\n\n\n<figure class=\"wp-block-image aligncenter size-full\"><img loading=\"lazy\" decoding=\"async\" width=\"751\" height=\"471\" src=\"https:\/\/schneidemuehl.net\/wp-content\/uploads\/2022\/07\/skanuj0053.jpg\" alt=\"\" class=\"wp-image-746\" srcset=\"https:\/\/schneidemuehl.net\/wp-content\/uploads\/2022\/07\/skanuj0053.jpg 751w, https:\/\/schneidemuehl.net\/wp-content\/uploads\/2022\/07\/skanuj0053-300x188.jpg 300w, https:\/\/schneidemuehl.net\/wp-content\/uploads\/2022\/07\/skanuj0053-600x376.jpg 600w\" sizes=\"auto, (max-width: 751px) 100vw, 751px\" \/><\/figure>\n\n\n\n<p>Mit \u00dcbernahme der kirchlichen Schul- Soziet\u00e4ten in den Jahren 1890\/ 1891 ging auch das gesamte Aktiv- und Passivverm\u00f6gen der Schulgemeinden auf die Stadt Schneidem\u00fchl \u00fcber. F\u00fcr die Entwicklung der Volksschulen Schneidem\u00fchls brach nun eine neue Zeit an. Bis zum Jahre 1895 hatte man in der Schule an der Posener Stra\u00dfe 16 Klassenr\u00e4ume geschaffen. Nachdem sich aber der Bauzustand des alten Geb\u00e4udes allm\u00e4hlich verschlechterte, trug man sich mit dem Gedanken, ein zentrales Schulhaus zu schaffen. Daf\u00fcr erwarb man an der Bismarckstra\u00dfe einen Bauplatz, auf dem man am 01.10.1900 ein evangelisches Schulhaus zu bauen begann, das am 14.10.1902 eingeweiht werden konnte. 1923\/1924 erhielt die Schule einen Anbau, wodurch 6 Klassenr\u00e4ume und eine Aula geschaffen wurde. Bei der Bismarckschule handelt es sich um einen massiven, verfugten Ziegelbau von ca. 60m Breite, dessen Baukosten bei 220.00.00 Reichsmark lagen. Das Grundst\u00fcck an der Bismarckstra\u00dfe Nr. 55\/58 hatte einen Wert von 65.000.00 Reichsmark. Das Geb\u00e4ude ist voll unterkellert, besitzt 3 Stockwerke mit einem Ziegeldach und hatte neben einer Warmwasser- Zentralheizung, Gas-, Wasser-, Strom- und Kanalanschlu\u00df.<\/p>\n\n\n\n<figure class=\"wp-block-image alignwide size-full\"><img loading=\"lazy\" decoding=\"async\" width=\"747\" height=\"337\" src=\"https:\/\/schneidemuehl.net\/wp-content\/uploads\/2022\/07\/bismarckschule-11.jpg\" alt=\"\" class=\"wp-image-748\" srcset=\"https:\/\/schneidemuehl.net\/wp-content\/uploads\/2022\/07\/bismarckschule-11.jpg 747w, https:\/\/schneidemuehl.net\/wp-content\/uploads\/2022\/07\/bismarckschule-11-300x135.jpg 300w, https:\/\/schneidemuehl.net\/wp-content\/uploads\/2022\/07\/bismarckschule-11-600x271.jpg 600w\" sizes=\"auto, (max-width: 747px) 100vw, 747px\" \/><\/figure>\n\n\n\n<figure class=\"wp-block-image alignwide size-full\"><img loading=\"lazy\" decoding=\"async\" width=\"893\" height=\"456\" src=\"https:\/\/schneidemuehl.net\/wp-content\/uploads\/2022\/07\/bismarckschule-2.jpg\" alt=\"\" class=\"wp-image-749\" srcset=\"https:\/\/schneidemuehl.net\/wp-content\/uploads\/2022\/07\/bismarckschule-2.jpg 893w, https:\/\/schneidemuehl.net\/wp-content\/uploads\/2022\/07\/bismarckschule-2-300x153.jpg 300w, https:\/\/schneidemuehl.net\/wp-content\/uploads\/2022\/07\/bismarckschule-2-768x392.jpg 768w, https:\/\/schneidemuehl.net\/wp-content\/uploads\/2022\/07\/bismarckschule-2-600x306.jpg 600w\" sizes=\"auto, (max-width: 893px) 100vw, 893px\" \/><\/figure>\n\n\n\n<figure class=\"wp-block-image alignwide size-full\"><img loading=\"lazy\" decoding=\"async\" width=\"749\" height=\"389\" src=\"https:\/\/schneidemuehl.net\/wp-content\/uploads\/2022\/07\/bismarckschule-3.jpg\" alt=\"\" class=\"wp-image-750\" srcset=\"https:\/\/schneidemuehl.net\/wp-content\/uploads\/2022\/07\/bismarckschule-3.jpg 749w, https:\/\/schneidemuehl.net\/wp-content\/uploads\/2022\/07\/bismarckschule-3-300x156.jpg 300w, https:\/\/schneidemuehl.net\/wp-content\/uploads\/2022\/07\/bismarckschule-3-600x312.jpg 600w\" sizes=\"auto, (max-width: 749px) 100vw, 749px\" \/><\/figure>\n\n\n\n<p>Vorhanden waren:<\/p>\n\n\n\n<p>24 Klassenzimmer<\/p>\n\n\n\n<p>2 Lehrmittelzimmer ( 6+8)<\/p>\n\n\n\n<p>1 Handarbeitsraum<\/p>\n\n\n\n<p>1 Lehrerzimmer (5)<\/p>\n\n\n\n<p>1 Lehrerinnenzimmer (2)<\/p>\n\n\n\n<p>1 Rektorzimmer (3)<\/p>\n\n\n\n<p>1 Aula und<\/p>\n\n\n\n<p>2 Kammern (4+7)<\/p>\n\n\n\n<p>Die 3 Zimmerwohnung f\u00fcr den Hausmeister (1) mit K\u00fcche und Bad lag im Hochparterre und im Kellergescho\u00df, wo sich auch die Werkk\u00fcche mit den Nebenr\u00e4umen f\u00fcr den Hauswirtschaftsunterricht befanden.<\/p>\n","protected":false},"excerpt":{"rendered":"<p>Mit \u00dcbernahme der kirchlichen Schul- Soziet\u00e4ten in den Jahren 1890\/ 1891 ging auch das gesamte Aktiv- und Passivverm\u00f6gen der Schulgemeinden auf die Stadt Schneidem\u00fchl \u00fcber. F\u00fcr die Entwicklung der Volksschulen Schneidem\u00fchls brach nun eine neue Zeit an. Bis zum Jahre 1895 hatte man in der Schule an der Posener Stra\u00dfe 16 Klassenr\u00e4ume geschaffen. Nachdem sich &hellip; <\/p>\n<p class=\"link-more\"><a href=\"https:\/\/schneidemuehl.net\/index.php\/die-schneidemuhler-schulen\/\" class=\"more-link\">Mehr <span class=\"screen-reader-text\">\u00fcber &#8222;Gemeindeschule &#8211; Bismarckschule&#8220; <\/span>Lesen<\/a><\/p>\n","protected":false},"author":1,"featured_media":0,"parent":0,"menu_order":0,"comment_status":"closed","ping_status":"closed","template":"","meta":{"_acf_changed":false,"_kadence_starter_templates_imported_post":false,"inspiro_hide_title":false,"footnotes":""},"class_list":["post-741","page","type-page","status-publish","hentry"],"acf":[],"featured_media_urls":[],"_links":{"self":[{"href":"https:\/\/schneidemuehl.net\/index.php\/wp-json\/wp\/v2\/pages\/741","targetHints":{"allow":["GET"]}}],"collection":[{"href":"https:\/\/schneidemuehl.net\/index.php\/wp-json\/wp\/v2\/pages"}],"about":[{"href":"https:\/\/schneidemuehl.net\/index.php\/wp-json\/wp\/v2\/types\/page"}],"author":[{"embeddable":true,"href":"https:\/\/schneidemuehl.net\/index.php\/wp-json\/wp\/v2\/users\/1"}],"replies":[{"embeddable":true,"href":"https:\/\/schneidemuehl.net\/index.php\/wp-json\/wp\/v2\/comments?post=741"}],"version-history":[{"count":5,"href":"https:\/\/schneidemuehl.net\/index.php\/wp-json\/wp\/v2\/pages\/741\/revisions"}],"predecessor-version":[{"id":754,"href":"https:\/\/schneidemuehl.net\/index.php\/wp-json\/wp\/v2\/pages\/741\/revisions\/754"}],"wp:attachment":[{"href":"https:\/\/schneidemuehl.net\/index.php\/wp-json\/wp\/v2\/media?parent=741"}],"curies":[{"name":"wp","href":"https:\/\/api.w.org\/{rel}","templated":true}]}}