{"id":53,"date":"2022-07-14T11:53:36","date_gmt":"2022-07-14T11:53:36","guid":{"rendered":"http:\/\/schneidemuehl.net\/?page_id=53"},"modified":"2022-07-18T11:07:39","modified_gmt":"2022-07-18T11:07:39","slug":"buherei","status":"publish","type":"page","link":"https:\/\/schneidemuehl.net\/index.php\/buherei\/","title":{"rendered":"B\u00fccherei"},"content":{"rendered":"\n<p><a href=\"https:\/\/schneidemuehl.net\/wp-content\/uploads\/2022\/07\/kosciol_sw_janow.pdf\" data-type=\"attachment\" data-id=\"930\">Katholische <\/a><a href=\"https:\/\/schneidemuehl.net\/wp-content\/uploads\/2022\/07\/kosciol_sw_janow.pdf\" data-type=\"attachment\" data-id=\"930\" target=\"_blank\" rel=\"noreferrer noopener\">Johanneskirche<\/a><\/p>\n\n\n\n<p><a href=\"https:\/\/schneidemuehl.net\/wp-content\/uploads\/2022\/07\/alte_fritz.pdf\" data-type=\"attachment\" data-id=\"933\" target=\"_blank\" rel=\"noreferrer noopener\">Friedrich der Gro\u00dfe<\/a><\/p>\n\n\n\n<p><a href=\"https:\/\/schneidemuehl.net\/wp-content\/uploads\/2022\/07\/apostolische_administratur.pdf\" data-type=\"attachment\" data-id=\"935\" target=\"_blank\" rel=\"noreferrer noopener\">Apostolische Administratur<\/a><\/p>\n\n\n\n<p><a href=\"https:\/\/schneidemuehl.net\/wp-content\/uploads\/2022\/07\/friedhofe.pdf\" data-type=\"attachment\" data-id=\"936\" target=\"_blank\" rel=\"noreferrer noopener\">Friedh\u00f6fe<\/a><\/p>\n\n\n\n<p><a href=\"https:\/\/schneidemuehl.net\/wp-content\/uploads\/2022\/07\/cuxhaven-segregator-23.pdf\" data-type=\"attachment\" data-id=\"937\" target=\"_blank\" rel=\"noreferrer noopener\">Albertsruh Pl\u00f6tzensee<\/a><\/p>\n\n\n\n<p><a href=\"https:\/\/schneidemuehl.net\/wp-content\/uploads\/2022\/07\/cuxhaven-segregator-18m.pdf\" data-type=\"attachment\" data-id=\"938\" target=\"_blank\" rel=\"noreferrer noopener\">Freiherr vom Stein-Gymnasium Entstehung Schullandheim Freudenfier<\/a><\/p>\n\n\n\n<p><a href=\"https:\/\/schneidemuehl.net\/wp-content\/uploads\/2022\/07\/cuxhaven-segregator-30m.pdf\" data-type=\"attachment\" data-id=\"939\" target=\"_blank\" rel=\"noreferrer noopener\">Friedrichstra\u00dfe Amts-und Landgericht Capitol Grunstra\u00dfe Tillerbude Gemeindehaus der Landeskirchlichen Gemeinschaft Milchstra\u00dfe\u00a0\u00a0Rotes Kreuz<\/a><\/p>\n\n\n\n<p><a href=\"https:\/\/schneidemuehl.net\/wp-content\/uploads\/2022\/07\/segregator4m.pdf\" data-type=\"attachment\" data-id=\"940\" target=\"_blank\" rel=\"noreferrer noopener\">Evangelische Johanniskirche Bismarckstra\u00dfe Albrechtstra\u00dfe<\/a><\/p>\n\n\n\n<p><a href=\"https:\/\/schneidemuehl.net\/wp-content\/uploads\/2022\/07\/segregator17cm.pdf\" data-type=\"attachment\" data-id=\"941\" target=\"_blank\" rel=\"noreferrer noopener\">Helene Lange Schule<\/a><\/p>\n\n\n\n<p><a href=\"https:\/\/schneidemuehl.net\/wp-content\/uploads\/2022\/07\/segregator21m.pdf\" data-type=\"attachment\" data-id=\"942\" target=\"_blank\" rel=\"noreferrer noopener\">Berliner Stra\u00dfe Gemeindeschule\/Luther Flurstra\u00dfe Horst-Wessel-Platz Kiebitzbrucher Weg Klappsteiner Weg Kroner Stra\u00dfe Langestra\u00dfe Martinstra\u00dfe Schmiedestra\u00dfe Waldstra\u00dfe<\/a><\/p>\n","protected":false},"excerpt":{"rendered":"<p>Katholische Johanneskirche Friedrich der Gro\u00dfe Apostolische Administratur Friedh\u00f6fe Albertsruh Pl\u00f6tzensee Freiherr vom Stein-Gymnasium Entstehung Schullandheim Freudenfier Friedrichstra\u00dfe Amts-und Landgericht Capitol Grunstra\u00dfe Tillerbude Gemeindehaus der Landeskirchlichen Gemeinschaft Milchstra\u00dfe\u00a0\u00a0Rotes Kreuz Evangelische Johanniskirche Bismarckstra\u00dfe Albrechtstra\u00dfe Helene Lange Schule Berliner Stra\u00dfe Gemeindeschule\/Luther Flurstra\u00dfe Horst-Wessel-Platz Kiebitzbrucher Weg Klappsteiner Weg Kroner Stra\u00dfe Langestra\u00dfe Martinstra\u00dfe Schmiedestra\u00dfe Waldstra\u00dfe<\/p>\n","protected":false},"author":1,"featured_media":0,"parent":0,"menu_order":0,"comment_status":"closed","ping_status":"closed","template":"","meta":{"_acf_changed":false,"_kadence_starter_templates_imported_post":false,"inspiro_hide_title":false,"footnotes":""},"class_list":["post-53","page","type-page","status-publish","hentry"],"acf":[],"featured_media_urls":[],"_links":{"self":[{"href":"https:\/\/schneidemuehl.net\/index.php\/wp-json\/wp\/v2\/pages\/53","targetHints":{"allow":["GET"]}}],"collection":[{"href":"https:\/\/schneidemuehl.net\/index.php\/wp-json\/wp\/v2\/pages"}],"about":[{"href":"https:\/\/schneidemuehl.net\/index.php\/wp-json\/wp\/v2\/types\/page"}],"author":[{"embeddable":true,"href":"https:\/\/schneidemuehl.net\/index.php\/wp-json\/wp\/v2\/users\/1"}],"replies":[{"embeddable":true,"href":"https:\/\/schneidemuehl.net\/index.php\/wp-json\/wp\/v2\/comments?post=53"}],"version-history":[{"count":12,"href":"https:\/\/schneidemuehl.net\/index.php\/wp-json\/wp\/v2\/pages\/53\/revisions"}],"predecessor-version":[{"id":950,"href":"https:\/\/schneidemuehl.net\/index.php\/wp-json\/wp\/v2\/pages\/53\/revisions\/950"}],"wp:attachment":[{"href":"https:\/\/schneidemuehl.net\/index.php\/wp-json\/wp\/v2\/media?parent=53"}],"curies":[{"name":"wp","href":"https:\/\/api.w.org\/{rel}","templated":true}]}}