{"id":41,"date":"2022-07-14T11:44:44","date_gmt":"2022-07-14T11:44:44","guid":{"rendered":"http:\/\/schneidemuehl.net\/?page_id=41"},"modified":"2024-02-12T11:53:39","modified_gmt":"2024-02-12T11:53:39","slug":"heimatstuben","status":"publish","type":"page","link":"https:\/\/schneidemuehl.net\/index.php\/heimatstuben\/","title":{"rendered":"Heimatstuben"},"content":{"rendered":"\n<p>In unserer Patenstadt Cuxhaven k\u00f6nnen Sie in die Geschichte Schneidem\u00fchls eintauchen.<\/p>\n\n\n\n<p>Mit unz\u00e4hligen Bildern von fr\u00fcher und heute, Dokumenten, B\u00fcchern und Erinnerungsst\u00fccken k\u00f6nnen Sie sich umfangreich \u00fcber Schneidem\u00fchl informieren. <\/p>\n\n\n\n<p><\/p>\n\n\n\n<p>Die <strong>Schneidem\u00fchler Heimatstube<\/strong> finden Sie in 27474 Cuxhaven, Abendrothstra\u00dfe 16, <strong>im Haus der<\/strong> <strong>Volkshochschule<\/strong> Raum 0 03. Den Fahrstuhl k\u00f6nnen Sie bequem durch den Hintereingang am Parkplatz erreichen.<\/p>\n\n\n\n<p><\/p>\n\n\n\n<p><strong>\u00d6ffnungszeiten der Heimatstube &#8211; in den Wintermonaten nach Absprache<\/strong><\/p>\n\n\n\n<p><\/p>\n\n\n\n<p>Die Heimatstube ist vom 1. M\u00e4rz bis 31. Oktober jeden ersten Mittwoch im Monat von 10 &#8211; 16 Uhr ge\u00f6ffnet.<\/p>\n\n\n\n<p><strong>Erstmalig in diesem Jahr am Mittwoch, dem 6. M\u00e4rz 2024<\/strong><\/p>\n\n\n\n<p><strong>Als Heimatstuben-Betreuerin bitte ich Sie, in jedem Fall einen Besuchstermin telefonisch abzusprechen!<\/strong><\/p>\n\n\n\n<p><\/p>\n\n\n\n<p>Ich freue mich auf Ihren Besuch<strong>,<\/strong><\/p>\n\n\n\n<p>Irene Niemann, Beverstedt,<\/p>\n\n\n\n<p>Telefon-Nr. 04749 103 251,<\/p>\n\n\n\n<p>Mobil\/WhatsApp: 01520 857 1557<\/p>\n\n\n\n<figure class=\"wp-block-image alignwide size-full\"><img loading=\"lazy\" decoding=\"async\" width=\"450\" height=\"600\" src=\"https:\/\/schneidemuehl.net\/wp-content\/uploads\/2022\/07\/img_0230_jpg.jpg\" alt=\"\" class=\"wp-image-829\" srcset=\"https:\/\/schneidemuehl.net\/wp-content\/uploads\/2022\/07\/img_0230_jpg.jpg 450w, https:\/\/schneidemuehl.net\/wp-content\/uploads\/2022\/07\/img_0230_jpg-225x300.jpg 225w\" sizes=\"auto, (max-width: 450px) 100vw, 450px\" \/><\/figure>\n\n\n\n<figure class=\"wp-block-image alignwide size-full\"><img loading=\"lazy\" decoding=\"async\" width=\"450\" height=\"600\" src=\"https:\/\/schneidemuehl.net\/wp-content\/uploads\/2022\/07\/img_0231_jpg.jpg\" alt=\"\" class=\"wp-image-851\" srcset=\"https:\/\/schneidemuehl.net\/wp-content\/uploads\/2022\/07\/img_0231_jpg.jpg 450w, https:\/\/schneidemuehl.net\/wp-content\/uploads\/2022\/07\/img_0231_jpg-225x300.jpg 225w\" sizes=\"auto, (max-width: 450px) 100vw, 450px\" \/><\/figure>\n\n\n\n<figure class=\"wp-block-image alignwide size-full\"><img loading=\"lazy\" decoding=\"async\" width=\"450\" height=\"600\" src=\"https:\/\/schneidemuehl.net\/wp-content\/uploads\/2022\/07\/img_0232_jpg.jpg\" alt=\"\" class=\"wp-image-853\" srcset=\"https:\/\/schneidemuehl.net\/wp-content\/uploads\/2022\/07\/img_0232_jpg.jpg 450w, https:\/\/schneidemuehl.net\/wp-content\/uploads\/2022\/07\/img_0232_jpg-225x300.jpg 225w\" sizes=\"auto, (max-width: 450px) 100vw, 450px\" \/><\/figure>\n\n\n\n<figure class=\"wp-block-image alignwide size-full\"><img loading=\"lazy\" decoding=\"async\" width=\"600\" height=\"450\" src=\"https:\/\/schneidemuehl.net\/wp-content\/uploads\/2022\/07\/img_0233_jpg.jpg\" alt=\"\" class=\"wp-image-854\" srcset=\"https:\/\/schneidemuehl.net\/wp-content\/uploads\/2022\/07\/img_0233_jpg.jpg 600w, https:\/\/schneidemuehl.net\/wp-content\/uploads\/2022\/07\/img_0233_jpg-300x225.jpg 300w\" sizes=\"auto, (max-width: 600px) 100vw, 600px\" \/><\/figure>\n\n\n\n<figure class=\"wp-block-image alignwide size-full\"><img loading=\"lazy\" decoding=\"async\" width=\"450\" height=\"600\" src=\"https:\/\/schneidemuehl.net\/wp-content\/uploads\/2022\/07\/img_0234_jpg.jpg\" alt=\"\" class=\"wp-image-855\" srcset=\"https:\/\/schneidemuehl.net\/wp-content\/uploads\/2022\/07\/img_0234_jpg.jpg 450w, https:\/\/schneidemuehl.net\/wp-content\/uploads\/2022\/07\/img_0234_jpg-225x300.jpg 225w\" sizes=\"auto, (max-width: 450px) 100vw, 450px\" \/><\/figure>\n\n\n\n<figure class=\"wp-block-image alignwide size-full\"><img loading=\"lazy\" decoding=\"async\" width=\"600\" height=\"450\" src=\"https:\/\/schneidemuehl.net\/wp-content\/uploads\/2022\/07\/img_0235_jpg.jpg\" alt=\"\" class=\"wp-image-856\" srcset=\"https:\/\/schneidemuehl.net\/wp-content\/uploads\/2022\/07\/img_0235_jpg.jpg 600w, https:\/\/schneidemuehl.net\/wp-content\/uploads\/2022\/07\/img_0235_jpg-300x225.jpg 300w\" sizes=\"auto, (max-width: 600px) 100vw, 600px\" \/><\/figure>\n","protected":false},"excerpt":{"rendered":"<p>In unserer Patenstadt Cuxhaven k\u00f6nnen Sie in die Geschichte Schneidem\u00fchls eintauchen. Mit unz\u00e4hligen Bildern von fr\u00fcher und heute, Dokumenten, B\u00fcchern und Erinnerungsst\u00fccken k\u00f6nnen Sie sich umfangreich \u00fcber Schneidem\u00fchl informieren. Die Schneidem\u00fchler Heimatstube finden Sie in 27474 Cuxhaven, Abendrothstra\u00dfe 16, im Haus der Volkshochschule Raum 0 03. Den Fahrstuhl k\u00f6nnen Sie bequem durch den Hintereingang am &hellip; <\/p>\n<p class=\"link-more\"><a href=\"https:\/\/schneidemuehl.net\/index.php\/heimatstuben\/\" class=\"more-link\">Mehr <span class=\"screen-reader-text\">\u00fcber &#8222;Heimatstuben&#8220; <\/span>Lesen<\/a><\/p>\n","protected":false},"author":1,"featured_media":0,"parent":0,"menu_order":0,"comment_status":"closed","ping_status":"closed","template":"","meta":{"_acf_changed":false,"_kadence_starter_templates_imported_post":false,"inspiro_hide_title":false,"footnotes":""},"class_list":["post-41","page","type-page","status-publish","hentry"],"acf":[],"featured_media_urls":[],"_links":{"self":[{"href":"https:\/\/schneidemuehl.net\/index.php\/wp-json\/wp\/v2\/pages\/41","targetHints":{"allow":["GET"]}}],"collection":[{"href":"https:\/\/schneidemuehl.net\/index.php\/wp-json\/wp\/v2\/pages"}],"about":[{"href":"https:\/\/schneidemuehl.net\/index.php\/wp-json\/wp\/v2\/types\/page"}],"author":[{"embeddable":true,"href":"https:\/\/schneidemuehl.net\/index.php\/wp-json\/wp\/v2\/users\/1"}],"replies":[{"embeddable":true,"href":"https:\/\/schneidemuehl.net\/index.php\/wp-json\/wp\/v2\/comments?post=41"}],"version-history":[{"count":6,"href":"https:\/\/schneidemuehl.net\/index.php\/wp-json\/wp\/v2\/pages\/41\/revisions"}],"predecessor-version":[{"id":1984,"href":"https:\/\/schneidemuehl.net\/index.php\/wp-json\/wp\/v2\/pages\/41\/revisions\/1984"}],"wp:attachment":[{"href":"https:\/\/schneidemuehl.net\/index.php\/wp-json\/wp\/v2\/media?parent=41"}],"curies":[{"name":"wp","href":"https:\/\/api.w.org\/{rel}","templated":true}]}}