{"id":39,"date":"2022-07-14T11:44:15","date_gmt":"2022-07-14T11:44:15","guid":{"rendered":"http:\/\/schneidemuehl.net\/?page_id=39"},"modified":"2022-07-14T22:00:15","modified_gmt":"2022-07-14T22:00:15","slug":"geschichte","status":"publish","type":"page","link":"https:\/\/schneidemuehl.net\/index.php\/geschichte\/","title":{"rendered":"Geschichte"},"content":{"rendered":"\n<h2 class=\"wp-block-heading\">Geschichte der Stadt Schneidem\u00fchl (Pila)<\/h2>\n\n\n\n<p><strong>1380<\/strong>\u00a0\u00a0\u00a0\u00a0\u00a0\u00a0\u00a0\u00a0\u00a0\u00a0\u00a0 Gr\u00fcndung der Stadt Schneidem\u00fchl<\/p>\n\n\n\n<p><strong>1513<\/strong>\u00a0\u00a0\u00a0\u00a0\u00a0\u00a0\u00a0\u00a0\u00a0\u00a0\u00a0 K\u00f6nig Sigismund I verleiht der Stadt Schneidem\u00fchl das deutsche oder \u00a0\u00a0 \u201eMagdeburgische Stadtrecht\u201c\u00a0\u00a0\u00a0<\/p>\n\n\n\n<p><strong>1563<\/strong>\u00a0\u00a0\u00a0\u00a0\u00a0\u00a0\u00a0\u00a0\u00a0\u00a0\u00a0 Schneidem\u00fchl hat 750 Einwohner<\/p>\n\n\n\n<p><strong>1626<\/strong>\u00a0\u00a0\u00a0\u00a0\u00a0\u00a0\u00a0\u00a0\u00a0\u00a0\u00a0 Schneidem\u00fchl wurde bei einem Gro\u00dfbrand in Schutt und Asche gelegt. DerWiederaufbauplan von Damals gab dem Stadtkern bis 1945 im allgemeinen seine damalige Gestalt<\/p>\n\n\n\n<p><strong>1677<\/strong>\u00a0\u00a0\u00a0\u00a0\u00a0\u00a0\u00a0\u00a0\u00a0\u00a0\u00a0 Schneidem\u00fchl hat 1823 Einwohner<\/p>\n\n\n\n<p><strong>1709\/1710<\/strong>\u00a0\u00a0 Schneidem\u00fchl hat unter der Pest schwer gelitten. Die Verheerungen waren so gro\u00df, dass bei einer solchen Epidemie nach Tod und Flucht nur sieben Menschen in der Stadt \u00fcbriggeblieben waren.<\/p>\n\n\n\n<p><strong>1774<\/strong>\u00a0\u00a0\u00a0\u00a0\u00a0\u00a0\u00a0\u00a0\u00a0\u00a0\u00a0 Schneidem\u00fchl hatte 1322 Einwohner, darunter 400 Deutsche, 620 Polen und 312 Menschen j\u00fcdischer Religion<\/p>\n\n\n\n<p><strong>1781<\/strong>\u00a0\u00a0\u00a0\u00a0\u00a0\u00a0\u00a0\u00a0\u00a0\u00a0\u00a0 Ein gro\u00dfer Brand legte die halbe Stadt in Asche. Mit dem Wiederaufbau nach dem Brand erhielt die Stadt ein besseres Aussehen. Den Neuen Markt ums\u00e4umten nun neue H\u00e4userreihen. <\/p>\n\n\n\n<p><strong>1786<\/strong>\u00a0\u00a0\u00a0\u00a0\u00a0\u00a0\u00a0\u00a0\u00a0\u00a0\u00a0 Schneidem\u00fchl hatte 1799 Einwohner<\/p>\n\n\n\n<p><strong>1804<\/strong>\u00a0\u00a0\u00a0\u00a0\u00a0\u00a0\u00a0\u00a0\u00a0\u00a0\u00a0 Schneidem\u00fchl hatte 2521 Einwohner<\/p>\n\n\n\n<p><strong>1806<\/strong>\u00a0\u00a0\u00a0\u00a0\u00a0\u00a0\u00a0\u00a0\u00a0\u00a0\u00a0 Schneidem\u00fchl hatte 2519 Einwohner. Es grassierten die Pocken und 36 Einwohner starben an der \u201eRoten Ruhr\u201c.<\/p>\n\n\n\n<p><strong>1807<\/strong>\u00a0\u00a0\u00a0\u00a0\u00a0\u00a0\u00a0\u00a0\u00a0\u00a0\u00a0 Mit der Errichtung des Herzogtums Warschau kamen Schneidem\u00fchl und der S\u00fcden der sp\u00e4teren Grenzmark unter polnische Herrschaft. Der Stadtberg blieb preu\u00dfisch.<\/p>\n\n\n\n<p><strong>1815<\/strong>\u00a0\u00a0\u00a0\u00a0\u00a0\u00a0\u00a0\u00a0\u00a0\u00a0\u00a0 Stadt wurde mit Preu\u00dfen wiedervereinigt. Die Einwohnerzahl war auf 1992 gesunken.<\/p>\n\n\n\n<p><strong>1831\/1848<\/strong>\u00a0\u00a0 Die Cholera richtete ebenso wie in den Jahren 1866 und 1873 gro\u00dfe Verheerungen an, so dass in der Berliner Vorstadt ein neuer Friedhof eingerichtet werden musste.<\/p>\n\n\n\n<p><strong>1834<\/strong>\u00a0\u00a0\u00a0\u00a0\u00a0\u00a0\u00a0\u00a0\u00a0\u00a0\u00a0 Schneidem\u00fchls Einwohnerzahl war auf 2999 gestiegen, wovon 1215 evangelisch, 1136 katholisch und 648 j\u00fcdisch waren. Ein Gro\u00dffeuer zerst\u00f6rte 200 H\u00e4user, darunter das Rathaus mit dem gesamten St\u00e4dtischen Archiv. Nur 62 H\u00e4user blieben von dem Ungl\u00fcck verschont. 1500 Menschen waren obdachlos.\u00a0\u00a0\u00a0\u00a0\u00a0\u00a0\u00a0 <\/p>\n\n\n\n<p><strong>1843<\/strong>\u00a0\u00a0\u00a0\u00a0\u00a0\u00a0\u00a0\u00a0\u00a0\u00a0\u00a0 Schneidem\u00fchl hatte 4111 Einwohner<\/p>\n\n\n\n<p><strong>1851<\/strong>\u00a0\u00a0\u00a0\u00a0\u00a0\u00a0\u00a0\u00a0\u00a0\u00a0\u00a0 Der Schneidem\u00fchler Bahnhof wurde eingeweiht.<\/p>\n\n\n\n<p><strong>1856<\/strong>\u00a0\u00a0\u00a0\u00a0\u00a0\u00a0\u00a0\u00a0\u00a0\u00a0\u00a0 Die Einwohnerzahl Schneidem\u00fchls war auf 6060 Personen gewachsen<\/p>\n\n\n\n<p><strong>1867<\/strong>\u00a0\u00a0\u00a0\u00a0\u00a0\u00a0\u00a0\u00a0\u00a0\u00a0\u00a0 Schneidem\u00fchl hatte 7516 Einwohner<\/p>\n\n\n\n<p><strong>1880\u00a0<\/strong>\u00a0\u00a0\u00a0\u00a0\u00a0\u00a0\u00a0\u00a0\u00a0\u00a0 Die Einwohnerzahl stieg sprunghaft auf 11623 an.<\/p>\n\n\n\n<p><strong>1885<\/strong>\u00a0\u00a0\u00a0\u00a0\u00a0\u00a0\u00a0\u00a0\u00a0\u00a0\u00a0 Durch den weiteren Ausbau des Eisenbahnnetzes wurde Schneidem\u00fchl zu einem gro\u00dfen Bahnknotenpunkt.\u00a0\u00a0\u00a0\u00a0\u00a0\u00a0\u00a0<\/p>\n\n\n\n<p><strong>1892<\/strong>\u00a0\u00a0\u00a0\u00a0\u00a0\u00a0\u00a0\u00a0\u00a0\u00a0\u00a0 Nachdem immer wieder Choleraepidemien die Stadt heimgesucht hatten, fa\u00dften die St\u00e4dtischen K\u00f6rperschaften den Beschlu\u00df zum Bau einer Wasserleitung. Im Zuge dieser Arbeiten kam es bei einer Bohrung zu einem gro\u00dfen Brunnenungl\u00fcck. 42 Grundst\u00fccke wurden gesch\u00e4digt. Die Stopfung der Quelle dauerte bis zum Ende des Jahres 1893.\u00a0\u00a0\u00a0\u00a0\u00a0\u00a0 <\/p>\n\n\n\n<p><strong>1895<\/strong>\u00a0\u00a0\u00a0\u00a0\u00a0\u00a0\u00a0\u00a0\u00a0\u00a0\u00a0 Schneidem\u00fchl hatte 17050 Einwohner<\/p>\n\n\n\n<p><strong>1900<\/strong>\u00a0\u00a0\u00a0\u00a0\u00a0\u00a0\u00a0\u00a0\u00a0\u00a0\u00a0 Schneidem\u00fchl hatte 19719 Einwohner. Darunter eine Garnision von 1314 Mann. Um die Jahrhundertwende begann die Stadt mit der Anlage eines Stadtparkes. 1929\/30 kamen die Arbeiten zum Abschlu\u00df. Einweihung des Krankenhauses an der Berliner Stra\u00dfe.<\/p>\n\n\n\n<p><strong>1913\u00a0<\/strong>\u00a0\u00a0\u00a0\u00a0\u00a0\u00a0\u00a0\u00a0\u00a0\u00a0 Eine Luftschifferkompanie wurde nach Schneidem\u00fchl verlegt. In Schneidem\u00fchl wurde ein Flugst\u00fctzpunkt eingeweiht.<\/p>\n\n\n\n<p><strong>1914\u00a0<\/strong>\u00a0\u00a0\u00a0\u00a0\u00a0\u00a0\u00a0\u00a0\u00a0\u00a0 Schneidem\u00fchl hatte 25000 Einwohner. Schneidem\u00fchl wird eigener Stadtkreis.<\/p>\n\n\n\n<p><strong>1918\u00a0<\/strong>\u00a0\u00a0\u00a0\u00a0\u00a0\u00a0\u00a0\u00a0\u00a0\u00a0 Zum Ende des ersten Weltkrieges gab es auf den Kriegsgefangenenfriedh\u00f6fen insgesamt 3176 Einzel und drei Massengr\u00e4ber.<\/p>\n\n\n\n<p><strong>1919<\/strong>\u00a0\u00a0\u00a0\u00a0\u00a0\u00a0\u00a0\u00a0\u00a0\u00a0\u00a0 Die Bestimmungen des Versailler Vertrages raubten der Stadt zwar wertvolles \u00a0 Hinterland, aber die Stadt blieb deutsch. Die Grenze verlief nun in einem Halbkreis von etwa sieben Kilometer Radius im S\u00fcdosten um die Stadt.<\/p>\n\n\n\n<p><strong>1922<\/strong>\u00a0\u00a0\u00a0\u00a0\u00a0\u00a0\u00a0\u00a0\u00a0\u00a0\u00a0 Die Provinz Grenzmark Posen-Westpreussen wird eingerichtet. Schneidem\u00fchl wird zur Provinzialhauptstadt. Zur Provinz geh\u00f6rten neben dem Stadtkreis Schneidem\u00fchl der Netzekreis, die Kreise Deutsch Krone, Flatow und Schlochau Sowie die Reste der Kreise Meseritz, Schwerin, Bomst und Fraustadt.\u00a0\u00a0\u00a0\u00a0\u00a0\u00a0\u00a0\u00a0\u00a0\u00a0\u00a0<\/p>\n\n\n\n<p><strong>1925<\/strong>\u00a0\u00a0\u00a0\u00a0\u00a0\u00a0\u00a0\u00a0\u00a0\u00a0\u00a0 Schneidem\u00fchl hatte 37634 Einwohner ( 67 % evangelisch, 31 % katholisch und 2 % j\u00fcdisch).<\/p>\n\n\n\n<p><strong>1934<\/strong>\u00a0\u00a0\u00a0\u00a0\u00a0\u00a0\u00a0\u00a0\u00a0\u00a0\u00a0 Schneidem\u00fchl hatte 43388 Einwohner<\/p>\n\n\n\n<p><strong>1938<\/strong>\u00a0\u00a0\u00a0\u00a0\u00a0\u00a0\u00a0\u00a0\u00a0\u00a0\u00a0 Die Grenzmark Posen-Westpreussen wurde aufgel\u00f6st und Schneidem\u00fchl Sitz des Pommerschen Regierungsbezirkes \u201eGrenzmark Posen-Westpreussen\u201c mit den Kreisen Schlochau, Flatow, Deutsch Krone, Arnswalde, Friedeberg, Neustettin, Dramburg und dem Netzekreis.\u00a0\u00a0\u00a0\u00a0\u00a0\u00a0<\/p>\n\n\n\n<p><strong>1939<\/strong>\u00a0\u00a0\u00a0\u00a0\u00a0\u00a0\u00a0\u00a0\u00a0\u00a0\u00a0 Nach der Volksz\u00e4hlung hatte Schneidem\u00fchl 45791 Einwohner, davon bezeichneten sich 155 als Juden. Deportiert und danach umgebracht wurden 55 Juden. \u00dcber den Verbleib der restlichen Personen, eine Liste liegt in den Heimatstuben vor, konnte bisher nur wenig in Erfahrung gebracht werden.\u00a0\u00a0\u00a0\u00a0\u00a0\u00a0\u00a0\u00a0\u00a0\u00a0\u00a0\u00a0\u00a0\u00a0\u00a0\u00a0\u00a0\u00a0 <\/p>\n\n\n\n<p><strong>Pfingsten 1944<\/strong> Bei einem Luftangriff auf Schneidem\u00fchl wurde ein kleines M\u00e4dchen get\u00f6tet.<\/p>\n\n\n\n<p><strong>11.8.1944<\/strong>\u00a0\u00a0\u00a0 Beginn des Baues von Panzergr\u00e4ben in den W\u00e4ldern am Ost- und S\u00fcdrand von Schneidem\u00fchl.<\/p>\n\n\n\n<p><strong>26.1.1945<\/strong>\u00a0\u00a0\u00a0 Es wurde mit dem \u00fcberhasteten Abtransport der Zivilbev\u00f6lkerung begonnen. Durch den Beschu\u00df am 26.1.1945 durch Russische Stalinorgeln wurde es zu einer Katastrophe. Die Beh\u00f6rden wurden ebenfalls zu sp\u00e4t evakuiert und konnten die Aktenbest\u00e4nde nicht in Sicherheit bringen.\u00a0\u00a0\u00a0\u00a0\u00a0\u00a0\u00a0\u00a0\u00a0\u00a0\u00a0\u00a0 <\/p>\n\n\n\n<p><strong>31.1.1945<\/strong>\u00a0\u00a0\u00a0 Es gelang des Russen die \u201eFestung Schneidem\u00fchl\u201c einzukesseln.<\/p>\n\n\n\n<p><strong>1939-1945<\/strong>\u00a0\u00a0 Von den 45.791 Einwohnern der Stadt Schneidem\u00fchl sind 5262 gefallen und das Schicksal von weiteren 10 521 ist ungekl\u00e4rt. Inschrift der Gedenkst\u00e4tte in Brockeswalde \/ Cuxhaven<\/p>\n\n\n\n<p><strong>8.9.1957<\/strong>\u00a0\u00a0\u00a0\u00a0\u00a0 \u00dcbernahme der Patenschaft f\u00fcr die Stadt Schneidem\u00fchl durch die Stadt Cuxhaven<\/p>\n\n\n\n<p><strong>24.5.1996<\/strong>\u00a0\u00a0\u00a0\u00a0 Abschlu\u00df eines Abkommens \u00fcber Freundschaft und gegenseitige Kontakte zwischen Pila\/Polen und Cuxhaven\/Deutschland. <\/p>\n\n\n\n<p>\u00a0Entnommen aus der Zeittafel der Geschichte der Stadt Schneidem\u00fchl, \u00a0\u00a0 Herausgeber Heimatkreis Schneidem\u00fchl e.V<\/p>\n\n\n\n<p>\u00a0\u00a0\u00a0\u00a0\u00a0\u00a0\u00a0\u00a0\u00a0\u00a0\u00a0\u00a0\u00a0\u00a0\u00a0\u00a0<\/p>\n","protected":false},"excerpt":{"rendered":"<p>Geschichte der Stadt Schneidem\u00fchl (Pila) 1380\u00a0\u00a0\u00a0\u00a0\u00a0\u00a0\u00a0\u00a0\u00a0\u00a0\u00a0 Gr\u00fcndung der Stadt Schneidem\u00fchl 1513\u00a0\u00a0\u00a0\u00a0\u00a0\u00a0\u00a0\u00a0\u00a0\u00a0\u00a0 K\u00f6nig Sigismund I verleiht der Stadt Schneidem\u00fchl das deutsche oder \u00a0\u00a0 \u201eMagdeburgische Stadtrecht\u201c\u00a0\u00a0\u00a0 1563\u00a0\u00a0\u00a0\u00a0\u00a0\u00a0\u00a0\u00a0\u00a0\u00a0\u00a0 Schneidem\u00fchl hat 750 Einwohner 1626\u00a0\u00a0\u00a0\u00a0\u00a0\u00a0\u00a0\u00a0\u00a0\u00a0\u00a0 Schneidem\u00fchl wurde bei einem Gro\u00dfbrand in Schutt und Asche gelegt. DerWiederaufbauplan von Damals gab dem Stadtkern bis 1945 im allgemeinen seine damalige Gestalt 1677\u00a0\u00a0\u00a0\u00a0\u00a0\u00a0\u00a0\u00a0\u00a0\u00a0\u00a0 Schneidem\u00fchl &hellip; <\/p>\n<p class=\"link-more\"><a href=\"https:\/\/schneidemuehl.net\/index.php\/geschichte\/\" class=\"more-link\">Mehr <span class=\"screen-reader-text\">\u00fcber &#8222;Geschichte&#8220; <\/span>Lesen<\/a><\/p>\n","protected":false},"author":1,"featured_media":0,"parent":0,"menu_order":0,"comment_status":"closed","ping_status":"closed","template":"","meta":{"_acf_changed":false,"_kadence_starter_templates_imported_post":false,"inspiro_hide_title":false,"footnotes":""},"class_list":["post-39","page","type-page","status-publish","hentry"],"acf":[],"featured_media_urls":[],"_links":{"self":[{"href":"https:\/\/schneidemuehl.net\/index.php\/wp-json\/wp\/v2\/pages\/39","targetHints":{"allow":["GET"]}}],"collection":[{"href":"https:\/\/schneidemuehl.net\/index.php\/wp-json\/wp\/v2\/pages"}],"about":[{"href":"https:\/\/schneidemuehl.net\/index.php\/wp-json\/wp\/v2\/types\/page"}],"author":[{"embeddable":true,"href":"https:\/\/schneidemuehl.net\/index.php\/wp-json\/wp\/v2\/users\/1"}],"replies":[{"embeddable":true,"href":"https:\/\/schneidemuehl.net\/index.php\/wp-json\/wp\/v2\/comments?post=39"}],"version-history":[{"count":11,"href":"https:\/\/schneidemuehl.net\/index.php\/wp-json\/wp\/v2\/pages\/39\/revisions"}],"predecessor-version":[{"id":740,"href":"https:\/\/schneidemuehl.net\/index.php\/wp-json\/wp\/v2\/pages\/39\/revisions\/740"}],"wp:attachment":[{"href":"https:\/\/schneidemuehl.net\/index.php\/wp-json\/wp\/v2\/media?parent=39"}],"curies":[{"name":"wp","href":"https:\/\/api.w.org\/{rel}","templated":true}]}}